{"id":914,"date":"2017-09-19T10:33:44","date_gmt":"2017-09-19T10:33:44","guid":{"rendered":"http:\/\/www.consumiblesparavending.com\/index.php\/producto\/nuevo-love-sex-pack-de-condon-y-lubricante-producto-vending\/"},"modified":"2025-12-17T12:59:46","modified_gmt":"2025-12-17T12:59:46","slug":"nuevo-love-sex-pack-de-condon-y-lubricante-producto-vending","status":"publish","type":"product","link":"http:\/\/www.consumiblesparavending.com\/index.php\/producto\/nuevo-love-sex-pack-de-condon-y-lubricante-producto-vending\/","title":{"rendered":"Nuevo Love Sex Pack de cond\u00f3n y lubricante, producto vending"},"content":{"rendered":"<p>Esta nueva versi\u00f3n de Love Sex Pack est\u00e1 pensada para aportar seguridad e higiene a cualquier emergencia sensual que nos pueda surgir y est\u00e1 compuesto por un cond\u00f3n y un lubricante.<\/p>\n<p>Este producto es ideal tanto para parejas hetereosexuales como homosexuales.<\/p>\n<p>Presentado en cajas de 48 estuches de 60&#215;60 mm para vending. Preparado para la venta en cualquier tipo de m\u00e1quina expendedora.<\/p>\n","protected":false},"excerpt":{"rendered":"<p>Nuevo pack de preservativo y lubricante estuchado en cajetillas de 60&#215;60 mm para vending.<\/p>\n<p>Presentado en cajas de 48 estuches.<\/p>\n","protected":false},"featured_media":915,"comment_status":"closed","ping_status":"closed","template":"","meta":[],"product_brand":[],"product_cat":[20,25,26,23,24],"product_tag":[],"class_list":{"0":"post-914","1":"product","2":"type-product","3":"status-publish","4":"has-post-thumbnail","6":"inop-mostrar","7":"product_cat-consumibles","8":"product_cat-eroticos","9":"product_cat-higiene","10":"product_cat-lubricantes","11":"product_cat-preservativos","13":"first","14":"instock","15":"taxable","16":"shipping-taxable","17":"product-type-simple"},"_links":{"self":[{"href":"http:\/\/www.consumiblesparavending.com\/index.php\/wp-json\/wp\/v2\/product\/914","targetHints":{"allow":["GET"]}}],"collection":[{"href":"http:\/\/www.consumiblesparavending.com\/index.php\/wp-json\/wp\/v2\/product"}],"about":[{"href":"http:\/\/www.consumiblesparavending.com\/index.php\/wp-json\/wp\/v2\/types\/product"}],"replies":[{"embeddable":true,"href":"http:\/\/www.consumiblesparavending.com\/index.php\/wp-json\/wp\/v2\/comments?post=914"}],"wp:featuredmedia":[{"embeddable":true,"href":"http:\/\/www.consumiblesparavending.com\/index.php\/wp-json\/wp\/v2\/media\/915"}],"wp:attachment":[{"href":"http:\/\/www.consumiblesparavending.com\/index.php\/wp-json\/wp\/v2\/media?parent=914"}],"wp:term":[{"taxonomy":"product_brand","embeddable":true,"href":"http:\/\/www.consumiblesparavending.com\/index.php\/wp-json\/wp\/v2\/product_brand?post=914"},{"taxonomy":"product_cat","embeddable":true,"href":"http:\/\/www.consumiblesparavending.com\/index.php\/wp-json\/wp\/v2\/product_cat?post=914"},{"taxonomy":"product_tag","embeddable":true,"href":"http:\/\/www.consumiblesparavending.com\/index.php\/wp-json\/wp\/v2\/product_tag?post=914"}],"curies":[{"name":"wp","href":"https:\/\/api.w.org\/{rel}","templated":true}]}}