{"id":863,"date":"2017-06-06T17:42:01","date_gmt":"2017-06-06T17:42:01","guid":{"rendered":"http:\/\/www.consumiblesparavending.com\/index.php\/producto\/sensitex-tutti-frutti-preservativos-de-sabores-3-ud\/"},"modified":"2026-03-30T18:52:16","modified_gmt":"2026-03-30T18:52:16","slug":"sensitex-tutti-frutti-preservativos-de-sabores-3-ud","status":"publish","type":"product","link":"http:\/\/www.consumiblesparavending.com\/index.php\/producto\/sensitex-tutti-frutti-preservativos-de-sabores-3-ud\/","title":{"rendered":"Sensitex Tutti Frutti, preservativos de sabores 3 ud."},"content":{"rendered":"<p>Preservativos con sabor a fresa, pl\u00e1tano y manzana, fabricados con l\u00e1tex de caucho natural de la m\u00e1s alta calidad. Testados bajo la norma EN 4074:2002.<\/p>\n<p>Los preservativos Sensitex\u00ae est\u00e1n homologados para pleno uso, son verificados y testados individualmente mediante duros controles y cumplen con las normativas m\u00e1s exigentes de calidad internacionales, disponiendo de las certificaciones de calidad ISO 9001:2008, ISO 13485:2003, CE 0120, y la directiva 93\/42\/EEC relativa a productos sanitarios.<\/p>\n<p>Se presentan en cajas expositoras de 48 estuches de 60&#215;60 mm. Cada estuche contiene 3 preservativos.<\/p>\n<p>La gama de productos Sensitex\u00ae es 100% apta para veganos, puesto que durante el proceso de fabricaci\u00f3n no se utiliza ning\u00fan componente animal, como la case\u00edna (prote\u00edna de origen animal), ni est\u00e1n testados en animales, tal como demuestran sus certificados de fabricaci\u00f3n, siendo ideales tambi\u00e9n para personas sensibilizadas con la ecolog\u00eda, el desarrollo sostenible y el comercio justo.<\/p>\n<p>Tambi\u00e9n se encuentran inscritos en la Agencia de Medicamentos espa\u00f1ola, y disponen de C\u00f3digo Nacional de Farmacia.<\/p>\n","protected":false},"excerpt":{"rendered":"<p>Preservativos de sabores en cajetillas de 3 unidades.<\/p>\n<p>Presentados en cajas expositoras de 48 cajetillas de 60&#215;60 mm.<\/p>\n","protected":false},"featured_media":2318,"comment_status":"closed","ping_status":"closed","template":"","meta":[],"product_brand":[],"product_cat":[20,37,24],"product_tag":[],"class_list":{"0":"post-863","1":"product","2":"type-product","3":"status-publish","4":"has-post-thumbnail","6":"inop-mostrar","7":"product_cat-consumibles","8":"product_cat-linea-de-farmacia","9":"product_cat-preservativos","11":"first","12":"instock","13":"taxable","14":"shipping-taxable","15":"product-type-simple"},"_links":{"self":[{"href":"http:\/\/www.consumiblesparavending.com\/index.php\/wp-json\/wp\/v2\/product\/863","targetHints":{"allow":["GET"]}}],"collection":[{"href":"http:\/\/www.consumiblesparavending.com\/index.php\/wp-json\/wp\/v2\/product"}],"about":[{"href":"http:\/\/www.consumiblesparavending.com\/index.php\/wp-json\/wp\/v2\/types\/product"}],"replies":[{"embeddable":true,"href":"http:\/\/www.consumiblesparavending.com\/index.php\/wp-json\/wp\/v2\/comments?post=863"}],"wp:featuredmedia":[{"embeddable":true,"href":"http:\/\/www.consumiblesparavending.com\/index.php\/wp-json\/wp\/v2\/media\/2318"}],"wp:attachment":[{"href":"http:\/\/www.consumiblesparavending.com\/index.php\/wp-json\/wp\/v2\/media?parent=863"}],"wp:term":[{"taxonomy":"product_brand","embeddable":true,"href":"http:\/\/www.consumiblesparavending.com\/index.php\/wp-json\/wp\/v2\/product_brand?post=863"},{"taxonomy":"product_cat","embeddable":true,"href":"http:\/\/www.consumiblesparavending.com\/index.php\/wp-json\/wp\/v2\/product_cat?post=863"},{"taxonomy":"product_tag","embeddable":true,"href":"http:\/\/www.consumiblesparavending.com\/index.php\/wp-json\/wp\/v2\/product_tag?post=863"}],"curies":[{"name":"wp","href":"https:\/\/api.w.org\/{rel}","templated":true}]}}