{"id":526,"date":"2016-05-02T16:01:22","date_gmt":"2016-05-02T16:01:22","guid":{"rendered":"http:\/\/www.consumiblesparavending.com\/index.php\/producto\/auriculares-stereo-estuchados-para-vending\/"},"modified":"2026-04-14T11:05:01","modified_gmt":"2026-04-14T11:05:01","slug":"auriculares-stereo-estuchados-para-vending","status":"publish","type":"product","link":"http:\/\/www.consumiblesparavending.com\/index.php\/producto\/auriculares-stereo-estuchados-para-vending\/","title":{"rendered":"Auriculares stereo estuchados para vending"},"content":{"rendered":"<p>Ariculares stereo con conexi\u00f3n universal Jack 3,5 mm. V\u00e1lidos para cualquier dispositivo como pueden ser tel\u00e9fonos m\u00f3viles, tablets, reproductores mp3\/mp4, televisores, ordenadores, etc.<\/p>\n<p>Presentados cajas de 36 estuches de 60&#215;60 mm.<\/p>\n","protected":false},"excerpt":{"rendered":"<p>Auriculares con conexi\u00f3n universal estuchados para vending.<\/p>\n<p>Presentados en cajas de 36 estuches de 60&#215;60 mm.<\/p>\n","protected":false},"featured_media":2298,"comment_status":"closed","ping_status":"closed","template":"","meta":[],"product_brand":[],"product_cat":[20],"product_tag":[],"class_list":{"0":"post-526","1":"product","2":"type-product","3":"status-publish","4":"has-post-thumbnail","6":"inop-mostrar","7":"product_cat-consumibles","9":"first","10":"instock","11":"taxable","12":"shipping-taxable","13":"purchasable","14":"product-type-simple"},"_links":{"self":[{"href":"http:\/\/www.consumiblesparavending.com\/index.php\/wp-json\/wp\/v2\/product\/526","targetHints":{"allow":["GET"]}}],"collection":[{"href":"http:\/\/www.consumiblesparavending.com\/index.php\/wp-json\/wp\/v2\/product"}],"about":[{"href":"http:\/\/www.consumiblesparavending.com\/index.php\/wp-json\/wp\/v2\/types\/product"}],"replies":[{"embeddable":true,"href":"http:\/\/www.consumiblesparavending.com\/index.php\/wp-json\/wp\/v2\/comments?post=526"}],"wp:featuredmedia":[{"embeddable":true,"href":"http:\/\/www.consumiblesparavending.com\/index.php\/wp-json\/wp\/v2\/media\/2298"}],"wp:attachment":[{"href":"http:\/\/www.consumiblesparavending.com\/index.php\/wp-json\/wp\/v2\/media?parent=526"}],"wp:term":[{"taxonomy":"product_brand","embeddable":true,"href":"http:\/\/www.consumiblesparavending.com\/index.php\/wp-json\/wp\/v2\/product_brand?post=526"},{"taxonomy":"product_cat","embeddable":true,"href":"http:\/\/www.consumiblesparavending.com\/index.php\/wp-json\/wp\/v2\/product_cat?post=526"},{"taxonomy":"product_tag","embeddable":true,"href":"http:\/\/www.consumiblesparavending.com\/index.php\/wp-json\/wp\/v2\/product_tag?post=526"}],"curies":[{"name":"wp","href":"https:\/\/api.w.org\/{rel}","templated":true}]}}