{"id":524,"date":"2016-05-02T15:51:18","date_gmt":"2016-05-02T15:51:18","guid":{"rendered":"http:\/\/www.consumiblesparavending.com\/index.php\/producto\/tapones-para-oidos-estuchados-para-vending\/"},"modified":"2026-04-14T11:05:10","modified_gmt":"2026-04-14T11:05:10","slug":"tapones-para-oidos-estuchados-para-vending","status":"publish","type":"product","link":"http:\/\/www.consumiblesparavending.com\/index.php\/producto\/tapones-para-oidos-estuchados-para-vending\/","title":{"rendered":"Tapones para o\u00eddos estuchados para vending"},"content":{"rendered":"<p>Tapones de espuma suave y liviana, con forma c\u00f3nica que se ajusta f\u00e1cilmente al canal auditivo y permite que se sellen perfectamente, sin presi\u00f3n. Adem\u00e1s, la superficie exterior del tap\u00f3n auditivo es lisa para no irritar el canal auditivo.<\/p>\n<p>Presentados cajas de 36 estuches de 60&#215;60 mm.<\/p>\n","protected":false},"excerpt":{"rendered":"<p>Tapones de espuma para o\u00eddos, estuchados para vending.<\/p>\n<p>Presentado en cajas de 36 estuches de 60&#215;60 mm.<\/p>\n","protected":false},"featured_media":2297,"comment_status":"closed","ping_status":"closed","template":"","meta":[],"product_brand":[],"product_cat":[20],"product_tag":[],"class_list":{"0":"post-524","1":"product","2":"type-product","3":"status-publish","4":"has-post-thumbnail","6":"inop-mostrar","7":"product_cat-consumibles","9":"first","10":"instock","11":"taxable","12":"shipping-taxable","13":"purchasable","14":"product-type-simple"},"_links":{"self":[{"href":"http:\/\/www.consumiblesparavending.com\/index.php\/wp-json\/wp\/v2\/product\/524","targetHints":{"allow":["GET"]}}],"collection":[{"href":"http:\/\/www.consumiblesparavending.com\/index.php\/wp-json\/wp\/v2\/product"}],"about":[{"href":"http:\/\/www.consumiblesparavending.com\/index.php\/wp-json\/wp\/v2\/types\/product"}],"replies":[{"embeddable":true,"href":"http:\/\/www.consumiblesparavending.com\/index.php\/wp-json\/wp\/v2\/comments?post=524"}],"wp:featuredmedia":[{"embeddable":true,"href":"http:\/\/www.consumiblesparavending.com\/index.php\/wp-json\/wp\/v2\/media\/2297"}],"wp:attachment":[{"href":"http:\/\/www.consumiblesparavending.com\/index.php\/wp-json\/wp\/v2\/media?parent=524"}],"wp:term":[{"taxonomy":"product_brand","embeddable":true,"href":"http:\/\/www.consumiblesparavending.com\/index.php\/wp-json\/wp\/v2\/product_brand?post=524"},{"taxonomy":"product_cat","embeddable":true,"href":"http:\/\/www.consumiblesparavending.com\/index.php\/wp-json\/wp\/v2\/product_cat?post=524"},{"taxonomy":"product_tag","embeddable":true,"href":"http:\/\/www.consumiblesparavending.com\/index.php\/wp-json\/wp\/v2\/product_tag?post=524"}],"curies":[{"name":"wp","href":"https:\/\/api.w.org\/{rel}","templated":true}]}}