{"id":522,"date":"2016-05-02T15:44:04","date_gmt":"2016-05-02T15:44:04","guid":{"rendered":"http:\/\/www.consumiblesparavending.com\/index.php\/producto\/durex-dame-placer-preservativos-en-estuche-de-3-uds\/"},"modified":"2026-04-14T11:05:12","modified_gmt":"2026-04-14T11:05:12","slug":"durex-dame-placer-preservativos-en-estuche-de-3-uds","status":"publish","type":"product","link":"http:\/\/www.consumiblesparavending.com\/index.php\/producto\/durex-dame-placer-preservativos-en-estuche-de-3-uds\/","title":{"rendered":"Durex Dame Placer, preservativos en estuche de 3 uds."},"content":{"rendered":"<p>Preservativo de l\u00e1tex de caucho natural, con relieve de puntos y estr\u00edas, transparente y lubricado, con forma anat\u00f3mica Easy-On, con dep\u00f3sito y anchura nominal de 56mm. Testeados dermatol\u00f3gicamente.<\/p>\n<p>Contiene instrucciones en el interior del estuche.<\/p>\n<p>Los Durex Dame Placer son preservativos que suben la temperatura entre las s\u00e1banas. Sus puntos y estr\u00edas crean una experiencia sexual m\u00e1s intensa para ti y tu pareja.<\/p>\n<p>La forma especial en que se fabrica Durex Dame Placer hace que huelan mejor para que no hayan inc\u00f3modas distracciones, por lo que podr\u00e1s relajarte y disfrutar.<\/p>\n<p>Presentados en paquetes de 48 estuches de 3 preservativos (2 bandejas de 24 estuches). Tama\u00f1o del estuche: 65x65x20 mm.<\/p>\n","protected":false},"excerpt":{"rendered":"<p>Preservativos con relieves Durex Dame Placer, en estuches de 3 unidades.<\/p>\n<p>Presentado en paquetes de 48 estuches de 65x65x20 mm.<\/p>\n","protected":false},"featured_media":2154,"comment_status":"closed","ping_status":"closed","template":"","meta":[],"product_brand":[],"product_cat":[20,37,24],"product_tag":[],"class_list":{"0":"post-522","1":"product","2":"type-product","3":"status-publish","4":"has-post-thumbnail","6":"inop-mostrar","7":"product_cat-consumibles","8":"product_cat-linea-de-farmacia","9":"product_cat-preservativos","11":"first","12":"instock","13":"taxable","14":"shipping-taxable","15":"purchasable","16":"product-type-simple"},"_links":{"self":[{"href":"http:\/\/www.consumiblesparavending.com\/index.php\/wp-json\/wp\/v2\/product\/522","targetHints":{"allow":["GET"]}}],"collection":[{"href":"http:\/\/www.consumiblesparavending.com\/index.php\/wp-json\/wp\/v2\/product"}],"about":[{"href":"http:\/\/www.consumiblesparavending.com\/index.php\/wp-json\/wp\/v2\/types\/product"}],"replies":[{"embeddable":true,"href":"http:\/\/www.consumiblesparavending.com\/index.php\/wp-json\/wp\/v2\/comments?post=522"}],"wp:featuredmedia":[{"embeddable":true,"href":"http:\/\/www.consumiblesparavending.com\/index.php\/wp-json\/wp\/v2\/media\/2154"}],"wp:attachment":[{"href":"http:\/\/www.consumiblesparavending.com\/index.php\/wp-json\/wp\/v2\/media?parent=522"}],"wp:term":[{"taxonomy":"product_brand","embeddable":true,"href":"http:\/\/www.consumiblesparavending.com\/index.php\/wp-json\/wp\/v2\/product_brand?post=522"},{"taxonomy":"product_cat","embeddable":true,"href":"http:\/\/www.consumiblesparavending.com\/index.php\/wp-json\/wp\/v2\/product_cat?post=522"},{"taxonomy":"product_tag","embeddable":true,"href":"http:\/\/www.consumiblesparavending.com\/index.php\/wp-json\/wp\/v2\/product_tag?post=522"}],"curies":[{"name":"wp","href":"https:\/\/api.w.org\/{rel}","templated":true}]}}