{"id":409,"date":"2015-10-27T12:17:12","date_gmt":"2015-10-27T12:17:12","guid":{"rendered":"http:\/\/www.consumiblesparavending.com\/index.php\/producto\/estuches-genericos-tamano-mechero-79-x-27-x-23-mm\/"},"modified":"2026-04-14T11:02:51","modified_gmt":"2026-04-14T11:02:51","slug":"estuches-genericos-tamano-mechero-79-x-27-x-23-mm","status":"publish","type":"product","link":"http:\/\/www.consumiblesparavending.com\/index.php\/producto\/estuches-genericos-tamano-mechero-79-x-27-x-23-mm\/","title":{"rendered":"Estuches gen\u00e9ricos tama\u00f1o mechero (79 x 27 x 23 mm)"},"content":{"rendered":"<p>Estuches de cartoncillo de 79 x 27 x 23 mm, lacados en blanco, v\u00e1lidos para envasar mecheros cualquier producto de dimensiones similares.<\/p>\n","protected":false},"excerpt":{"rendered":"<p>Envases de 79x27x23mm para envasar mecheros o productos similares.<\/p>\n","protected":false},"featured_media":2317,"comment_status":"closed","ping_status":"closed","template":"","meta":[],"product_brand":[],"product_cat":[20,28],"product_tag":[],"class_list":{"0":"post-409","1":"product","2":"type-product","3":"status-publish","4":"has-post-thumbnail","6":"inop-mostrar","7":"product_cat-consumibles","8":"product_cat-envases","10":"first","11":"instock","12":"taxable","13":"shipping-taxable","14":"purchasable","15":"product-type-simple"},"_links":{"self":[{"href":"http:\/\/www.consumiblesparavending.com\/index.php\/wp-json\/wp\/v2\/product\/409","targetHints":{"allow":["GET"]}}],"collection":[{"href":"http:\/\/www.consumiblesparavending.com\/index.php\/wp-json\/wp\/v2\/product"}],"about":[{"href":"http:\/\/www.consumiblesparavending.com\/index.php\/wp-json\/wp\/v2\/types\/product"}],"replies":[{"embeddable":true,"href":"http:\/\/www.consumiblesparavending.com\/index.php\/wp-json\/wp\/v2\/comments?post=409"}],"wp:featuredmedia":[{"embeddable":true,"href":"http:\/\/www.consumiblesparavending.com\/index.php\/wp-json\/wp\/v2\/media\/2317"}],"wp:attachment":[{"href":"http:\/\/www.consumiblesparavending.com\/index.php\/wp-json\/wp\/v2\/media?parent=409"}],"wp:term":[{"taxonomy":"product_brand","embeddable":true,"href":"http:\/\/www.consumiblesparavending.com\/index.php\/wp-json\/wp\/v2\/product_brand?post=409"},{"taxonomy":"product_cat","embeddable":true,"href":"http:\/\/www.consumiblesparavending.com\/index.php\/wp-json\/wp\/v2\/product_cat?post=409"},{"taxonomy":"product_tag","embeddable":true,"href":"http:\/\/www.consumiblesparavending.com\/index.php\/wp-json\/wp\/v2\/product_tag?post=409"}],"curies":[{"name":"wp","href":"https:\/\/api.w.org\/{rel}","templated":true}]}}