{"id":295,"date":"2015-05-19T09:14:39","date_gmt":"2015-05-19T09:14:39","guid":{"rendered":"http:\/\/www.consumiblesparavending.com\/?post_type=product&#038;p=295"},"modified":"2026-04-14T11:03:04","modified_gmt":"2026-04-14T11:03:04","slug":"estuches-genericos-de-60x60-mm","status":"publish","type":"product","link":"http:\/\/www.consumiblesparavending.com\/index.php\/producto\/estuches-genericos-de-60x60-mm\/","title":{"rendered":"Estuches gen\u00e9ricos de 60&#215;60 mm."},"content":{"rendered":"<p>Estuches de cartoncillo de 60&#215;60 mm en color blanco v\u00e1lidos para envasar cualquier producto que desee colocar en m\u00e1quinas expendedoras.<\/p>\n","protected":false},"excerpt":{"rendered":"<p>Envases de 60x60mm para envasar cualquier producto que desee vender en m\u00e1quinas expendedoras.<\/p>\n","protected":false},"featured_media":2315,"comment_status":"closed","ping_status":"closed","template":"","meta":[],"product_brand":[],"product_cat":[20,28],"product_tag":[],"class_list":{"0":"post-295","1":"product","2":"type-product","3":"status-publish","4":"has-post-thumbnail","6":"inop-mostrar","7":"product_cat-consumibles","8":"product_cat-envases","10":"first","11":"instock","12":"taxable","13":"shipping-taxable","14":"purchasable","15":"product-type-simple"},"_links":{"self":[{"href":"http:\/\/www.consumiblesparavending.com\/index.php\/wp-json\/wp\/v2\/product\/295","targetHints":{"allow":["GET"]}}],"collection":[{"href":"http:\/\/www.consumiblesparavending.com\/index.php\/wp-json\/wp\/v2\/product"}],"about":[{"href":"http:\/\/www.consumiblesparavending.com\/index.php\/wp-json\/wp\/v2\/types\/product"}],"replies":[{"embeddable":true,"href":"http:\/\/www.consumiblesparavending.com\/index.php\/wp-json\/wp\/v2\/comments?post=295"}],"wp:featuredmedia":[{"embeddable":true,"href":"http:\/\/www.consumiblesparavending.com\/index.php\/wp-json\/wp\/v2\/media\/2315"}],"wp:attachment":[{"href":"http:\/\/www.consumiblesparavending.com\/index.php\/wp-json\/wp\/v2\/media?parent=295"}],"wp:term":[{"taxonomy":"product_brand","embeddable":true,"href":"http:\/\/www.consumiblesparavending.com\/index.php\/wp-json\/wp\/v2\/product_brand?post=295"},{"taxonomy":"product_cat","embeddable":true,"href":"http:\/\/www.consumiblesparavending.com\/index.php\/wp-json\/wp\/v2\/product_cat?post=295"},{"taxonomy":"product_tag","embeddable":true,"href":"http:\/\/www.consumiblesparavending.com\/index.php\/wp-json\/wp\/v2\/product_tag?post=295"}],"curies":[{"name":"wp","href":"https:\/\/api.w.org\/{rel}","templated":true}]}}