{"id":274,"date":"2015-05-06T10:36:21","date_gmt":"2015-05-06T10:36:21","guid":{"rendered":"http:\/\/www.consumiblesparavending.com\/?post_type=product&#038;p=274"},"modified":"2026-03-31T11:54:14","modified_gmt":"2026-03-31T11:54:14","slug":"maquina-expendedora-minipolivalente","status":"publish","type":"product","link":"http:\/\/www.consumiblesparavending.com\/index.php\/producto\/maquina-expendedora-minipolivalente\/","title":{"rendered":"M\u00e1quina expendedora Minipolivalente"},"content":{"rendered":"<p>M\u00e1quina expendedora de tama\u00f1o reducido, provista de un canal, v\u00e1lida para expender mecheros, papel de fumar o chicles orbit.<\/p>\n<p>Fabricada en acero esmaltado.<\/p>\n<p>Esmaltado en epoxi en Blanco, Azul, Negro martel\u00e9, etc, segun pedido y disponibilidad.<\/p>\n<p>Monedero mecanico de acero anticorrosi\u00f3n.<\/p>\n<p>En caso de agotamiento del producto no acepta mas monedas.<\/p>\n<p>Preparada para su funcionamiento tanto en exterior como en interior.<\/p>\n<p>Antivandalica: Cerradura superior de seguridad<\/p>\n<p>Se puede cambiar entre un modelo de producto u otro con tan s\u00f3lo cambiar la pegatina (y el carril en el caso que el cambio sea de mecheros planos o papel de fumar a mecheros Clipper)<\/p>\n<p>Disponemos de \u00e1ngulo para adosarla a la maquina de tabaco.<\/p>\n<p>Medidas de la maquina : 510 x 125 x 115 mm.<br \/>\nPeso 5 Kg.<\/p>\n","protected":false},"excerpt":{"rendered":"<p>Peque\u00f1a m\u00e1quina expendedora v\u00e1lida para papelillos, mecheros y chicles Orbit.<\/p>\n","protected":false},"featured_media":536,"comment_status":"closed","ping_status":"closed","template":"","meta":[],"product_brand":[],"product_cat":[29,21,33],"product_tag":[],"class_list":{"0":"post-274","1":"product","2":"type-product","3":"status-publish","4":"has-post-thumbnail","6":"product_cat-1-canal","7":"product_cat-maquinas-expendedoras","8":"product_cat-mecanicas","10":"first","11":"instock","12":"taxable","13":"shipping-taxable","14":"product-type-simple"},"_links":{"self":[{"href":"http:\/\/www.consumiblesparavending.com\/index.php\/wp-json\/wp\/v2\/product\/274","targetHints":{"allow":["GET"]}}],"collection":[{"href":"http:\/\/www.consumiblesparavending.com\/index.php\/wp-json\/wp\/v2\/product"}],"about":[{"href":"http:\/\/www.consumiblesparavending.com\/index.php\/wp-json\/wp\/v2\/types\/product"}],"replies":[{"embeddable":true,"href":"http:\/\/www.consumiblesparavending.com\/index.php\/wp-json\/wp\/v2\/comments?post=274"}],"wp:featuredmedia":[{"embeddable":true,"href":"http:\/\/www.consumiblesparavending.com\/index.php\/wp-json\/wp\/v2\/media\/536"}],"wp:attachment":[{"href":"http:\/\/www.consumiblesparavending.com\/index.php\/wp-json\/wp\/v2\/media?parent=274"}],"wp:term":[{"taxonomy":"product_brand","embeddable":true,"href":"http:\/\/www.consumiblesparavending.com\/index.php\/wp-json\/wp\/v2\/product_brand?post=274"},{"taxonomy":"product_cat","embeddable":true,"href":"http:\/\/www.consumiblesparavending.com\/index.php\/wp-json\/wp\/v2\/product_cat?post=274"},{"taxonomy":"product_tag","embeddable":true,"href":"http:\/\/www.consumiblesparavending.com\/index.php\/wp-json\/wp\/v2\/product_tag?post=274"}],"curies":[{"name":"wp","href":"https:\/\/api.w.org\/{rel}","templated":true}]}}