{"id":261,"date":"2015-04-28T10:15:15","date_gmt":"2015-04-28T10:15:15","guid":{"rendered":"http:\/\/www.consumiblesparavending.com\/?post_type=product&#038;p=261"},"modified":"2026-03-29T15:03:02","modified_gmt":"2026-03-29T15:03:02","slug":"multivendor-x4-maquina-expendedora-multiproducto","status":"publish","type":"product","link":"http:\/\/www.consumiblesparavending.com\/index.php\/producto\/multivendor-x4-maquina-expendedora-multiproducto\/","title":{"rendered":"Multivendor X4, m\u00e1quina expendedora multiproducto"},"content":{"rendered":"<p>Expendedora multiproducto con un \u00fanico monedero, monoprecio, provista de 4 carriles polivalentes, aptos para cualquier producto envasado en estuche de 60&#215;60 mm.<\/p>\n<p>Fabricada en acero de 1,5 mm de grosor esmaltado. Disponible en Azul, para otros colores consultar.<\/p>\n<p>Monedero mecanico acero anticorrosi\u00f3n preparado para trabajar con 1, 2 \u00f3 3 monedas de 1 EUR seg\u00fan pedido y productos a expender.<\/p>\n<p>Bloqueo en caso de agotamiento del producto.<br \/>\nPreparada para exterior e interior.<br \/>\nAntivandalica: Cerradura superior de seguridad.<br \/>\nGran capacidad de producto. 32 unidades por canal<br \/>\nSe puede cambiar entre unos modelos de producto u otros con tan s\u00f3lo cambiar la pegatina.<\/p>\n<p>Medidas de la maquina: 760 x 295 x 128 mm.<br \/>\nPeso 15 Kg.<\/p>\n","protected":false},"excerpt":{"rendered":"<p>Expendedora de 4 canales monoprecio (1 solo monedero) v\u00e1lida para cualquier producto estuchado en cajetillas de 60&#215;60 mm.<\/p>\n","protected":false},"featured_media":2281,"comment_status":"closed","ping_status":"closed","template":"","meta":[],"product_brand":[],"product_cat":[31,21,33],"product_tag":[],"class_list":{"0":"post-261","1":"product","2":"type-product","3":"status-publish","4":"has-post-thumbnail","6":"inop-m-mostrar","7":"product_cat-4-canales","8":"product_cat-maquinas-expendedoras","9":"product_cat-mecanicas","11":"first","12":"instock","13":"taxable","14":"shipping-taxable","15":"product-type-simple"},"_links":{"self":[{"href":"http:\/\/www.consumiblesparavending.com\/index.php\/wp-json\/wp\/v2\/product\/261","targetHints":{"allow":["GET"]}}],"collection":[{"href":"http:\/\/www.consumiblesparavending.com\/index.php\/wp-json\/wp\/v2\/product"}],"about":[{"href":"http:\/\/www.consumiblesparavending.com\/index.php\/wp-json\/wp\/v2\/types\/product"}],"replies":[{"embeddable":true,"href":"http:\/\/www.consumiblesparavending.com\/index.php\/wp-json\/wp\/v2\/comments?post=261"}],"wp:featuredmedia":[{"embeddable":true,"href":"http:\/\/www.consumiblesparavending.com\/index.php\/wp-json\/wp\/v2\/media\/2281"}],"wp:attachment":[{"href":"http:\/\/www.consumiblesparavending.com\/index.php\/wp-json\/wp\/v2\/media?parent=261"}],"wp:term":[{"taxonomy":"product_brand","embeddable":true,"href":"http:\/\/www.consumiblesparavending.com\/index.php\/wp-json\/wp\/v2\/product_brand?post=261"},{"taxonomy":"product_cat","embeddable":true,"href":"http:\/\/www.consumiblesparavending.com\/index.php\/wp-json\/wp\/v2\/product_cat?post=261"},{"taxonomy":"product_tag","embeddable":true,"href":"http:\/\/www.consumiblesparavending.com\/index.php\/wp-json\/wp\/v2\/product_tag?post=261"}],"curies":[{"name":"wp","href":"https:\/\/api.w.org\/{rel}","templated":true}]}}