{"id":244,"date":"2015-04-08T09:45:08","date_gmt":"2015-04-08T09:45:08","guid":{"rendered":"http:\/\/www.consumiblesparavending.com\/?post_type=product&#038;p=244"},"modified":"2026-04-16T08:33:10","modified_gmt":"2026-04-16T08:33:10","slug":"preservativos-de-fresa-a-granel-unilatex","status":"publish","type":"product","link":"http:\/\/www.consumiblesparavending.com\/index.php\/producto\/preservativos-de-fresa-a-granel-unilatex\/","title":{"rendered":"Preservativos de fresa a granel Unilatex"},"content":{"rendered":"<p>Preservativos muy resistentes basados en la m\u00e1xima tecnolog\u00eda europea, lubricados, con sabor a fresa y coloreados en rojo. Son fabricados con la m\u00e1s alta calidad de l\u00e1tex del planeta. Testeados individualmente.<\/p>\n<p>Presentados en cajas de 144 unidades.<\/p>\n<p>Cumplen toda la normativa internacional. Disponibles para su uso en Europa (CE 0120) y tambi\u00e9n para los EE.UU. (USFDA Approved).<\/p>\n","protected":false},"excerpt":{"rendered":"<p>Preservativos a granel con sabor a fresa.<\/p>\n<p>Presentados en cajas de 144 unidades.<\/p>\n","protected":false},"featured_media":2260,"comment_status":"closed","ping_status":"closed","template":"","meta":[],"product_brand":[],"product_cat":[20,37,24],"product_tag":[],"class_list":{"0":"post-244","1":"product","2":"type-product","3":"status-publish","4":"has-post-thumbnail","6":"inop-mostrar","7":"product_cat-consumibles","8":"product_cat-linea-de-farmacia","9":"product_cat-preservativos","11":"first","12":"instock","13":"taxable","14":"shipping-taxable","15":"purchasable","16":"product-type-simple"},"_links":{"self":[{"href":"http:\/\/www.consumiblesparavending.com\/index.php\/wp-json\/wp\/v2\/product\/244","targetHints":{"allow":["GET"]}}],"collection":[{"href":"http:\/\/www.consumiblesparavending.com\/index.php\/wp-json\/wp\/v2\/product"}],"about":[{"href":"http:\/\/www.consumiblesparavending.com\/index.php\/wp-json\/wp\/v2\/types\/product"}],"replies":[{"embeddable":true,"href":"http:\/\/www.consumiblesparavending.com\/index.php\/wp-json\/wp\/v2\/comments?post=244"}],"wp:featuredmedia":[{"embeddable":true,"href":"http:\/\/www.consumiblesparavending.com\/index.php\/wp-json\/wp\/v2\/media\/2260"}],"wp:attachment":[{"href":"http:\/\/www.consumiblesparavending.com\/index.php\/wp-json\/wp\/v2\/media?parent=244"}],"wp:term":[{"taxonomy":"product_brand","embeddable":true,"href":"http:\/\/www.consumiblesparavending.com\/index.php\/wp-json\/wp\/v2\/product_brand?post=244"},{"taxonomy":"product_cat","embeddable":true,"href":"http:\/\/www.consumiblesparavending.com\/index.php\/wp-json\/wp\/v2\/product_cat?post=244"},{"taxonomy":"product_tag","embeddable":true,"href":"http:\/\/www.consumiblesparavending.com\/index.php\/wp-json\/wp\/v2\/product_tag?post=244"}],"curies":[{"name":"wp","href":"https:\/\/api.w.org\/{rel}","templated":true}]}}