{"id":216,"date":"2015-03-31T10:27:37","date_gmt":"2015-03-31T10:27:37","guid":{"rendered":"http:\/\/www.consumiblesparavending.com\/?post_type=product&#038;p=216"},"modified":"2026-04-14T11:04:06","modified_gmt":"2026-04-14T11:04:06","slug":"kit-higienico-de-cepillo-dental-y-pasta-de-menta","status":"publish","type":"product","link":"http:\/\/www.consumiblesparavending.com\/index.php\/producto\/kit-higienico-de-cepillo-dental-y-pasta-de-menta\/","title":{"rendered":"Kit higi\u00e9nico Difresh de cepillo dental y pasta de menta"},"content":{"rendered":"<p>Este kit higi\u00e9nico es muy \u00fatil para mantener la salud y la higiene dental en todo momento. Est\u00e1 compuesto por un cepillo plegable con suaves filamentos y una pasta dent\u00edfrica compuesta por blanqueador, fl\u00faor y menta piperita, apta para un cuidado integral de tus dientes.<\/p>\n<p>Su tama\u00f1o reducido es muy pr\u00e1ctivo y te permitir\u00e1 disponer de este kit dental siempre a mano.<\/p>\n<p>Presentado en packs de 10 unidades.<\/p>\n","protected":false},"excerpt":{"rendered":"<p>Kit de cepillo de dientes y pasta de peque\u00f1o tama\u00f1o, apto para su venta en m\u00e1quinas expendedoras.<\/p>\n<p>Presentado en packs de 10 unidades.<\/p>\n","protected":false},"featured_media":2309,"comment_status":"closed","ping_status":"closed","template":"","meta":[],"product_brand":[],"product_cat":[20,26],"product_tag":[],"class_list":{"0":"post-216","1":"product","2":"type-product","3":"status-publish","4":"has-post-thumbnail","6":"inop-mostrar","7":"product_cat-consumibles","8":"product_cat-higiene","10":"first","11":"instock","12":"taxable","13":"shipping-taxable","14":"purchasable","15":"product-type-simple"},"_links":{"self":[{"href":"http:\/\/www.consumiblesparavending.com\/index.php\/wp-json\/wp\/v2\/product\/216","targetHints":{"allow":["GET"]}}],"collection":[{"href":"http:\/\/www.consumiblesparavending.com\/index.php\/wp-json\/wp\/v2\/product"}],"about":[{"href":"http:\/\/www.consumiblesparavending.com\/index.php\/wp-json\/wp\/v2\/types\/product"}],"replies":[{"embeddable":true,"href":"http:\/\/www.consumiblesparavending.com\/index.php\/wp-json\/wp\/v2\/comments?post=216"}],"wp:featuredmedia":[{"embeddable":true,"href":"http:\/\/www.consumiblesparavending.com\/index.php\/wp-json\/wp\/v2\/media\/2309"}],"wp:attachment":[{"href":"http:\/\/www.consumiblesparavending.com\/index.php\/wp-json\/wp\/v2\/media?parent=216"}],"wp:term":[{"taxonomy":"product_brand","embeddable":true,"href":"http:\/\/www.consumiblesparavending.com\/index.php\/wp-json\/wp\/v2\/product_brand?post=216"},{"taxonomy":"product_cat","embeddable":true,"href":"http:\/\/www.consumiblesparavending.com\/index.php\/wp-json\/wp\/v2\/product_cat?post=216"},{"taxonomy":"product_tag","embeddable":true,"href":"http:\/\/www.consumiblesparavending.com\/index.php\/wp-json\/wp\/v2\/product_tag?post=216"}],"curies":[{"name":"wp","href":"https:\/\/api.w.org\/{rel}","templated":true}]}}