{"id":207,"date":"2015-03-28T07:31:24","date_gmt":"2015-03-28T07:31:24","guid":{"rendered":"http:\/\/www.consumiblesparavending.com\/?post_type=product&#038;p=207"},"modified":"2026-04-14T11:04:11","modified_gmt":"2026-04-14T11:04:11","slug":"durex-sensitivo-preservativos-en-estuche-de-3-uds","status":"publish","type":"product","link":"http:\/\/www.consumiblesparavending.com\/index.php\/producto\/durex-sensitivo-preservativos-en-estuche-de-3-uds\/","title":{"rendered":"Durex Sensitivo Suave, preservativos en estuche de 3 uds."},"content":{"rendered":"<p>Preservativo de l\u00e1tex de caucho natural, fino, transparente y lubricado, con forma anat\u00f3mica Easy-On, con dep\u00f3sito y anchura nominal de 56mm. Testeados dermatol\u00f3gicamente.<\/p>\n<p>Contiene instrucciones en el interior del estuche.<\/p>\n<p>Los Preservativos Durex Sensitivo est\u00e1n dise\u00f1ados con un mejor ajuste, f\u00e1ciles de poner y que a la vez proporcionan la misma seguridad y proteci\u00f3n que los preservativos est\u00e1ndar con la ventaja de ser m\u00e1s finos.<\/p>\n<p>La forma especial en que se fabrica Durex Sensitivo hace que huelan mejor para que no hayan inc\u00f3modas distracciones, por lo que podr\u00e1s relajarte y disfrutar.<\/p>\n<p>Presentados en paquetes de 48 estuches de 3 preservativos (2 bandejas de 24 estuches). Tama\u00f1o del estuche: 65x65x20 mm.<\/p>\n","protected":false},"excerpt":{"rendered":"<p>Preservativos extrafinos Durex Sensitivo, en estuches de 3 unidades.<\/p>\n<p>Presentado en paquetes de 48 estuches de 65x65x20 mm.<\/p>\n","protected":false},"featured_media":2156,"comment_status":"closed","ping_status":"closed","template":"","meta":[],"product_brand":[],"product_cat":[20,37,24],"product_tag":[],"class_list":{"0":"post-207","1":"product","2":"type-product","3":"status-publish","4":"has-post-thumbnail","6":"inop-mostrar","7":"product_cat-consumibles","8":"product_cat-linea-de-farmacia","9":"product_cat-preservativos","11":"first","12":"instock","13":"taxable","14":"shipping-taxable","15":"purchasable","16":"product-type-simple"},"_links":{"self":[{"href":"http:\/\/www.consumiblesparavending.com\/index.php\/wp-json\/wp\/v2\/product\/207","targetHints":{"allow":["GET"]}}],"collection":[{"href":"http:\/\/www.consumiblesparavending.com\/index.php\/wp-json\/wp\/v2\/product"}],"about":[{"href":"http:\/\/www.consumiblesparavending.com\/index.php\/wp-json\/wp\/v2\/types\/product"}],"replies":[{"embeddable":true,"href":"http:\/\/www.consumiblesparavending.com\/index.php\/wp-json\/wp\/v2\/comments?post=207"}],"wp:featuredmedia":[{"embeddable":true,"href":"http:\/\/www.consumiblesparavending.com\/index.php\/wp-json\/wp\/v2\/media\/2156"}],"wp:attachment":[{"href":"http:\/\/www.consumiblesparavending.com\/index.php\/wp-json\/wp\/v2\/media?parent=207"}],"wp:term":[{"taxonomy":"product_brand","embeddable":true,"href":"http:\/\/www.consumiblesparavending.com\/index.php\/wp-json\/wp\/v2\/product_brand?post=207"},{"taxonomy":"product_cat","embeddable":true,"href":"http:\/\/www.consumiblesparavending.com\/index.php\/wp-json\/wp\/v2\/product_cat?post=207"},{"taxonomy":"product_tag","embeddable":true,"href":"http:\/\/www.consumiblesparavending.com\/index.php\/wp-json\/wp\/v2\/product_tag?post=207"}],"curies":[{"name":"wp","href":"https:\/\/api.w.org\/{rel}","templated":true}]}}