{"id":2050,"date":"2024-05-15T15:34:21","date_gmt":"2024-05-15T15:34:21","guid":{"rendered":"http:\/\/www.consumiblesparavending.com\/?post_type=product&#038;p=2050"},"modified":"2026-03-30T19:12:31","modified_gmt":"2026-03-30T19:12:31","slug":"latigo-de-cuero","status":"publish","type":"product","link":"http:\/\/www.consumiblesparavending.com\/index.php\/producto\/latigo-de-cuero\/","title":{"rendered":"L\u00e1tigo de cuero"},"content":{"rendered":"<p>Desata todo el potencial de la dominaci\u00f3n con el l\u00e1tigo de BDSM dise\u00f1ado para llevar tus juegos de sumisi\u00f3n a un nivel superior de intensidad. \u00bfBuscas una manera efectiva de establecer tu autoridad y control? Nuestro l\u00e1tigo negro es la herramienta perfecta para lograrlo.<\/p>\n<p>Fabricado con tiras de cuero sint\u00e9tico de alta calidad, este l\u00e1tigo ofrece una experiencia de impacto precisa y satisfactoria. Su dise\u00f1o funcional consta de m\u00faltiples tiras, cada una con aproximadamente 1 cm de ancho, que son f\u00e1cilmente controlables desde el mango.<\/p>\n<p>Con cada golpe, sentir\u00e1s el poder y la emoci\u00f3n de la dominaci\u00f3n, mientras que tu sumiso o sumisa experimentar\u00e1 un placer intenso y excitante. Ya sea que est\u00e9s explorando nuevas facetas de tu relaci\u00f3n o simplemente buscando aumentar la intensidad de tus encuentros, el l\u00e1tigo de BDSM te llevar\u00e1 al l\u00edmite y m\u00e1s all\u00e1. Es hora de sumergirse en un mundo de sensaciones audaces y emocionantes.<\/p>\n","protected":false},"excerpt":{"rendered":"<p>Desata el potencial de la dominaci\u00f3n con el l\u00e1tigo de BDSM dise\u00f1ado para intensificar tus juegos de sumisi\u00f3n, ofreciendo precisi\u00f3n y satisfacci\u00f3n con tiras de cuero sint\u00e9tico de alta calidad, perfecto para establecer autoridad y control en tus encuentros er\u00f3ticos.<\/p>\n","protected":false},"featured_media":2051,"comment_status":"closed","ping_status":"closed","template":"","meta":[],"product_brand":[],"product_cat":[20,25],"product_tag":[],"class_list":{"0":"post-2050","1":"product","2":"type-product","3":"status-publish","4":"has-post-thumbnail","6":"inop-mostrar","7":"product_cat-consumibles","8":"product_cat-eroticos","10":"first","11":"instock","12":"taxable","13":"shipping-taxable","14":"purchasable","15":"product-type-simple"},"_links":{"self":[{"href":"http:\/\/www.consumiblesparavending.com\/index.php\/wp-json\/wp\/v2\/product\/2050","targetHints":{"allow":["GET"]}}],"collection":[{"href":"http:\/\/www.consumiblesparavending.com\/index.php\/wp-json\/wp\/v2\/product"}],"about":[{"href":"http:\/\/www.consumiblesparavending.com\/index.php\/wp-json\/wp\/v2\/types\/product"}],"replies":[{"embeddable":true,"href":"http:\/\/www.consumiblesparavending.com\/index.php\/wp-json\/wp\/v2\/comments?post=2050"}],"wp:featuredmedia":[{"embeddable":true,"href":"http:\/\/www.consumiblesparavending.com\/index.php\/wp-json\/wp\/v2\/media\/2051"}],"wp:attachment":[{"href":"http:\/\/www.consumiblesparavending.com\/index.php\/wp-json\/wp\/v2\/media?parent=2050"}],"wp:term":[{"taxonomy":"product_brand","embeddable":true,"href":"http:\/\/www.consumiblesparavending.com\/index.php\/wp-json\/wp\/v2\/product_brand?post=2050"},{"taxonomy":"product_cat","embeddable":true,"href":"http:\/\/www.consumiblesparavending.com\/index.php\/wp-json\/wp\/v2\/product_cat?post=2050"},{"taxonomy":"product_tag","embeddable":true,"href":"http:\/\/www.consumiblesparavending.com\/index.php\/wp-json\/wp\/v2\/product_tag?post=2050"}],"curies":[{"name":"wp","href":"https:\/\/api.w.org\/{rel}","templated":true}]}}