{"id":2047,"date":"2024-05-15T15:32:38","date_gmt":"2024-05-15T15:32:38","guid":{"rendered":"http:\/\/www.consumiblesparavending.com\/?post_type=product&#038;p=2047"},"modified":"2026-03-30T19:12:25","modified_gmt":"2026-03-30T19:12:25","slug":"mordaza","status":"publish","type":"product","link":"http:\/\/www.consumiblesparavending.com\/index.php\/producto\/mordaza\/","title":{"rendered":"Mordaza"},"content":{"rendered":"<p>Descubre una experiencia de dominaci\u00f3n m\u00e1s intensa con nuestra mordaza de dise\u00f1o \u00fanico en forma de pene. Esta mordaza no solo cumple su funci\u00f3n pr\u00e1ctica, sino que tambi\u00e9n a\u00f1ade un toque de erotismo y diversi\u00f3n a tus juegos de dominaci\u00f3n y sumisi\u00f3n.<\/p>\n<p>Fabricada con materiales de alta calidad, garantizamos tanto la comodidad como la seguridad durante su uso. Adem\u00e1s, incluye un candado y llaves, permiti\u00e9ndote controlar completamente la experiencia de tu sumiso o sumisa.<\/p>\n<p>Con esta mordaza, podr\u00e1s llevar tus sesiones de juego a un nuevo nivel de excitaci\u00f3n y exploraci\u00f3n. \u00bfEst\u00e1s listo para elevar el nivel de tus juegos de dominaci\u00f3n? Con nuestra mordaza en forma de pene, el placer y la sumisi\u00f3n se entrelazan de una manera \u00fanica y emocionante.<\/p>\n","protected":false},"excerpt":{"rendered":"<p>Descubre una experiencia de dominaci\u00f3n intensa con la mordaza en forma de pene, que a\u00f1ade un toque er\u00f3tico y de diversi\u00f3n a tus juegos de dominaci\u00f3n y sumisi\u00f3n, garantizando comodidad y seguridad con materiales de alta calidad, adem\u00e1s de incluir un candado y llaves para un control completo de la experiencia.<\/p>\n","protected":false},"featured_media":2048,"comment_status":"closed","ping_status":"closed","template":"","meta":[],"product_brand":[],"product_cat":[20,25],"product_tag":[],"class_list":{"0":"post-2047","1":"product","2":"type-product","3":"status-publish","4":"has-post-thumbnail","6":"inop-mostrar","7":"product_cat-consumibles","8":"product_cat-eroticos","10":"first","11":"instock","12":"taxable","13":"shipping-taxable","14":"purchasable","15":"product-type-simple"},"_links":{"self":[{"href":"http:\/\/www.consumiblesparavending.com\/index.php\/wp-json\/wp\/v2\/product\/2047","targetHints":{"allow":["GET"]}}],"collection":[{"href":"http:\/\/www.consumiblesparavending.com\/index.php\/wp-json\/wp\/v2\/product"}],"about":[{"href":"http:\/\/www.consumiblesparavending.com\/index.php\/wp-json\/wp\/v2\/types\/product"}],"replies":[{"embeddable":true,"href":"http:\/\/www.consumiblesparavending.com\/index.php\/wp-json\/wp\/v2\/comments?post=2047"}],"wp:featuredmedia":[{"embeddable":true,"href":"http:\/\/www.consumiblesparavending.com\/index.php\/wp-json\/wp\/v2\/media\/2048"}],"wp:attachment":[{"href":"http:\/\/www.consumiblesparavending.com\/index.php\/wp-json\/wp\/v2\/media?parent=2047"}],"wp:term":[{"taxonomy":"product_brand","embeddable":true,"href":"http:\/\/www.consumiblesparavending.com\/index.php\/wp-json\/wp\/v2\/product_brand?post=2047"},{"taxonomy":"product_cat","embeddable":true,"href":"http:\/\/www.consumiblesparavending.com\/index.php\/wp-json\/wp\/v2\/product_cat?post=2047"},{"taxonomy":"product_tag","embeddable":true,"href":"http:\/\/www.consumiblesparavending.com\/index.php\/wp-json\/wp\/v2\/product_tag?post=2047"}],"curies":[{"name":"wp","href":"https:\/\/api.w.org\/{rel}","templated":true}]}}