{"id":199,"date":"2015-03-28T07:01:18","date_gmt":"2015-03-28T07:01:18","guid":{"rendered":"http:\/\/www.consumiblesparavending.com\/?post_type=product&#038;p=199"},"modified":"2026-04-14T11:04:17","modified_gmt":"2026-04-14T11:04:17","slug":"unilatex-gel-lubricante-intimo-en-tubo","status":"publish","type":"product","link":"http:\/\/www.consumiblesparavending.com\/index.php\/producto\/unilatex-gel-lubricante-intimo-en-tubo\/","title":{"rendered":"Unilatex Gel, lubricante \u00edntimo en tubo"},"content":{"rendered":"<p>Unilatex Gel, lubricante \u00edntimo de base acuosa, hipoalerg\u00e9nico, no graso, no mancha. Testado Dermatol\u00f3gicamente.<\/p>\n<p>Ideal para venta en m\u00e1quinas expendedoras de espirales.<\/p>\n<p>Presentado en cajas de 24 unidades. Envases unitarios de 82 gr.<\/p>\n","protected":false},"excerpt":{"rendered":"<p>Lubricante \u00edntimo esterilizado en envases de 82 gramos.<\/p>\n","protected":false},"featured_media":2293,"comment_status":"closed","ping_status":"closed","template":"","meta":[],"product_brand":[],"product_cat":[20,37,23],"product_tag":[],"class_list":{"0":"post-199","1":"product","2":"type-product","3":"status-publish","4":"has-post-thumbnail","6":"inop-mostrar","7":"product_cat-consumibles","8":"product_cat-linea-de-farmacia","9":"product_cat-lubricantes","11":"first","12":"instock","13":"taxable","14":"shipping-taxable","15":"purchasable","16":"product-type-simple"},"_links":{"self":[{"href":"http:\/\/www.consumiblesparavending.com\/index.php\/wp-json\/wp\/v2\/product\/199","targetHints":{"allow":["GET"]}}],"collection":[{"href":"http:\/\/www.consumiblesparavending.com\/index.php\/wp-json\/wp\/v2\/product"}],"about":[{"href":"http:\/\/www.consumiblesparavending.com\/index.php\/wp-json\/wp\/v2\/types\/product"}],"replies":[{"embeddable":true,"href":"http:\/\/www.consumiblesparavending.com\/index.php\/wp-json\/wp\/v2\/comments?post=199"}],"wp:featuredmedia":[{"embeddable":true,"href":"http:\/\/www.consumiblesparavending.com\/index.php\/wp-json\/wp\/v2\/media\/2293"}],"wp:attachment":[{"href":"http:\/\/www.consumiblesparavending.com\/index.php\/wp-json\/wp\/v2\/media?parent=199"}],"wp:term":[{"taxonomy":"product_brand","embeddable":true,"href":"http:\/\/www.consumiblesparavending.com\/index.php\/wp-json\/wp\/v2\/product_brand?post=199"},{"taxonomy":"product_cat","embeddable":true,"href":"http:\/\/www.consumiblesparavending.com\/index.php\/wp-json\/wp\/v2\/product_cat?post=199"},{"taxonomy":"product_tag","embeddable":true,"href":"http:\/\/www.consumiblesparavending.com\/index.php\/wp-json\/wp\/v2\/product_tag?post=199"}],"curies":[{"name":"wp","href":"https:\/\/api.w.org\/{rel}","templated":true}]}}