{"id":1951,"date":"2023-10-18T17:29:56","date_gmt":"2023-10-18T17:29:56","guid":{"rendered":"http:\/\/www.consumiblesparavending.com\/?post_type=product&#038;p=1951"},"modified":"2023-10-18T17:39:15","modified_gmt":"2023-10-18T17:39:15","slug":"lote-de-10-expendedoras-seminuevas-cargadas-con-preservativos-latexin-copia","status":"publish","type":"product","link":"http:\/\/www.consumiblesparavending.com\/index.php\/producto\/lote-de-10-expendedoras-seminuevas-cargadas-con-preservativos-latexin-copia\/","title":{"rendered":"Lote de 10 expendedoras seminuevas cargadas con preservativos Latexin (copia)"},"content":{"rendered":"<p>OFERTA 10 M\u00c1QUINAS EXPENDEDORAS + 10 CARGA DE PRODUCTO:<\/p>\n<p>PRESERVATIVOS:<br \/>\nCond\u00f3n de l\u00e1tex de caucho natural, transparente, liso, con dep\u00f3sito y lubricado.<\/p>\n<p>Testeados Individualmente. Cumplen con toda la normativa vigente.<\/p>\n<p>Envasado en Foil Cuadrangular, cajita de cartoncillo y encelofanado. Con instrucciones de uso y desecho.<\/p>\n<p>Presentado en cajas de 72 estuches de una unidad.<\/p>\n<p>EXPENDEDORA:<br \/>\nM\u00e1quina expendedora de un canal para preservativos Latexin en estuche unitario.<\/p>\n<p>Fabricada en acero esmaltado en epoxi blanco o azul, seg\u00fan disponibilidad.<\/p>\n<p>Monedero mec\u00e1nico de acero anticorrosi\u00f3n.<\/p>\n<p>En caso de agotamiento del producto no acepta m\u00e1s monedas.<\/p>\n<p>Preparada para su funcionamiento tanto en exterior como en interior.<\/p>\n<p>Antivand\u00e1lica: Cerradura superior de seguridad y cerraduras laterales opcionales.<\/p>\n<p>Gran capacidad de producto (144 Unidades).<\/p>\n<p>Se puede cambiar entre un modelo de producto u otro con tan s\u00f3lo cambiar la pegatina.<\/p>\n<p>Dimensiones: 824 x 150 x 90 mm.<br \/>\nPeso: 10 kg.<\/p>\n","protected":false},"excerpt":{"rendered":"<p>\u00a1Oferta! Lote de 10 m\u00e1quinas expendedoras condomatic seminuevas (segunda mano) + 10 cargas de 72 Latexin, listas para instalar.<\/p>\n","protected":false},"featured_media":1952,"comment_status":"closed","ping_status":"closed","template":"","meta":[],"product_brand":[],"product_cat":[29,21,33,42,39],"product_tag":[],"class_list":{"0":"post-1951","1":"product","2":"type-product","3":"status-publish","4":"has-post-thumbnail","6":"inop-m-mostrar","7":"product_cat-1-canal","8":"product_cat-maquinas-expendedoras","9":"product_cat-mecanicas","10":"product_cat-ofertas","11":"product_cat-seminuevas","13":"first","14":"instock","15":"sale","16":"taxable","17":"shipping-taxable","18":"purchasable","19":"product-type-simple"},"_links":{"self":[{"href":"http:\/\/www.consumiblesparavending.com\/index.php\/wp-json\/wp\/v2\/product\/1951","targetHints":{"allow":["GET"]}}],"collection":[{"href":"http:\/\/www.consumiblesparavending.com\/index.php\/wp-json\/wp\/v2\/product"}],"about":[{"href":"http:\/\/www.consumiblesparavending.com\/index.php\/wp-json\/wp\/v2\/types\/product"}],"replies":[{"embeddable":true,"href":"http:\/\/www.consumiblesparavending.com\/index.php\/wp-json\/wp\/v2\/comments?post=1951"}],"wp:featuredmedia":[{"embeddable":true,"href":"http:\/\/www.consumiblesparavending.com\/index.php\/wp-json\/wp\/v2\/media\/1952"}],"wp:attachment":[{"href":"http:\/\/www.consumiblesparavending.com\/index.php\/wp-json\/wp\/v2\/media?parent=1951"}],"wp:term":[{"taxonomy":"product_brand","embeddable":true,"href":"http:\/\/www.consumiblesparavending.com\/index.php\/wp-json\/wp\/v2\/product_brand?post=1951"},{"taxonomy":"product_cat","embeddable":true,"href":"http:\/\/www.consumiblesparavending.com\/index.php\/wp-json\/wp\/v2\/product_cat?post=1951"},{"taxonomy":"product_tag","embeddable":true,"href":"http:\/\/www.consumiblesparavending.com\/index.php\/wp-json\/wp\/v2\/product_tag?post=1951"}],"curies":[{"name":"wp","href":"https:\/\/api.w.org\/{rel}","templated":true}]}}