{"id":193,"date":"2015-03-28T06:24:05","date_gmt":"2015-03-28T06:24:05","guid":{"rendered":"http:\/\/www.consumiblesparavending.com\/?post_type=product&#038;p=193"},"modified":"2026-04-14T11:04:25","modified_gmt":"2026-04-14T11:04:25","slug":"kit-higienico-de-tampon-toallita-intima","status":"publish","type":"product","link":"http:\/\/www.consumiblesparavending.com\/index.php\/producto\/kit-higienico-de-tampon-toallita-intima\/","title":{"rendered":"Kit higi\u00e9nico de tamp\u00f3n + toallita \u00edntima"},"content":{"rendered":"<p>Kit higi\u00e9nico que contiene un tamp\u00f3n absorbente y una toallita \u00edntima hipoalerg\u00e9nica.<\/p>\n<p>Presentado en cajas de 36 estuches de 60&#215;60 mm.<\/p>\n<p>Este producto es apto para cualquier m\u00e1quina expendedora.<\/p>\n","protected":false},"excerpt":{"rendered":"<p>Kit de tamp\u00f3n + toallita \u00edntima para la higiene femenina<\/p>\n<p>Presentado en cajas de 36 estuches de 60&#215;60 mm.<\/p>\n","protected":false},"featured_media":2310,"comment_status":"closed","ping_status":"closed","template":"","meta":[],"product_brand":[],"product_cat":[20,26],"product_tag":[],"class_list":{"0":"post-193","1":"product","2":"type-product","3":"status-publish","4":"has-post-thumbnail","6":"inop-mostrar","7":"product_cat-consumibles","8":"product_cat-higiene","10":"first","11":"instock","12":"taxable","13":"shipping-taxable","14":"purchasable","15":"product-type-simple"},"_links":{"self":[{"href":"http:\/\/www.consumiblesparavending.com\/index.php\/wp-json\/wp\/v2\/product\/193","targetHints":{"allow":["GET"]}}],"collection":[{"href":"http:\/\/www.consumiblesparavending.com\/index.php\/wp-json\/wp\/v2\/product"}],"about":[{"href":"http:\/\/www.consumiblesparavending.com\/index.php\/wp-json\/wp\/v2\/types\/product"}],"replies":[{"embeddable":true,"href":"http:\/\/www.consumiblesparavending.com\/index.php\/wp-json\/wp\/v2\/comments?post=193"}],"wp:featuredmedia":[{"embeddable":true,"href":"http:\/\/www.consumiblesparavending.com\/index.php\/wp-json\/wp\/v2\/media\/2310"}],"wp:attachment":[{"href":"http:\/\/www.consumiblesparavending.com\/index.php\/wp-json\/wp\/v2\/media?parent=193"}],"wp:term":[{"taxonomy":"product_brand","embeddable":true,"href":"http:\/\/www.consumiblesparavending.com\/index.php\/wp-json\/wp\/v2\/product_brand?post=193"},{"taxonomy":"product_cat","embeddable":true,"href":"http:\/\/www.consumiblesparavending.com\/index.php\/wp-json\/wp\/v2\/product_cat?post=193"},{"taxonomy":"product_tag","embeddable":true,"href":"http:\/\/www.consumiblesparavending.com\/index.php\/wp-json\/wp\/v2\/product_tag?post=193"}],"curies":[{"name":"wp","href":"https:\/\/api.w.org\/{rel}","templated":true}]}}