{"id":184,"date":"2020-04-02T10:45:52","date_gmt":"2020-04-02T10:45:52","guid":{"rendered":"http:\/\/www.consumiblesparavending.com\/?post_type=product&#038;p=184"},"modified":"2026-03-30T18:54:10","modified_gmt":"2026-03-30T18:54:10","slug":"latexin-nature-preservativo-en-estuche-unitario","status":"publish","type":"product","link":"http:\/\/www.consumiblesparavending.com\/index.php\/producto\/latexin-nature-preservativo-en-estuche-unitario\/","title":{"rendered":"Latexin nature, preservativo en estuche unitario"},"content":{"rendered":"<p>Cond\u00f3n de l\u00e1tex de caucho natural, transparente, liso, con dep\u00f3sito y lubricado.<\/p>\n<p>Testeados Individualmente. Cumplen con toda la normativa vigente.<\/p>\n<p>Envasado en Foil Cuadrangular, cajita de cartoncillo y encelofanado. Con instrucciones de uso y desecho.<\/p>\n<p>Presentado en cajas de 72 estuches de una unidad. Son aptos para cualquier m\u00e1quina expendedora vending.<\/p>\n","protected":false},"excerpt":{"rendered":"<p>Preservativo natural de l\u00e1tex.<\/p>\n<p>Presentado en cajas de 72 estuches unitarios.<\/p>\n","protected":false},"featured_media":185,"comment_status":"closed","ping_status":"closed","template":"","meta":[],"product_brand":[],"product_cat":[20,37,24],"product_tag":[],"class_list":{"0":"post-184","1":"product","2":"type-product","3":"status-publish","4":"has-post-thumbnail","6":"inop-mostrar","7":"product_cat-consumibles","8":"product_cat-linea-de-farmacia","9":"product_cat-preservativos","11":"first","12":"instock","13":"taxable","14":"shipping-taxable","15":"product-type-simple"},"_links":{"self":[{"href":"http:\/\/www.consumiblesparavending.com\/index.php\/wp-json\/wp\/v2\/product\/184","targetHints":{"allow":["GET"]}}],"collection":[{"href":"http:\/\/www.consumiblesparavending.com\/index.php\/wp-json\/wp\/v2\/product"}],"about":[{"href":"http:\/\/www.consumiblesparavending.com\/index.php\/wp-json\/wp\/v2\/types\/product"}],"replies":[{"embeddable":true,"href":"http:\/\/www.consumiblesparavending.com\/index.php\/wp-json\/wp\/v2\/comments?post=184"}],"wp:featuredmedia":[{"embeddable":true,"href":"http:\/\/www.consumiblesparavending.com\/index.php\/wp-json\/wp\/v2\/media\/185"}],"wp:attachment":[{"href":"http:\/\/www.consumiblesparavending.com\/index.php\/wp-json\/wp\/v2\/media?parent=184"}],"wp:term":[{"taxonomy":"product_brand","embeddable":true,"href":"http:\/\/www.consumiblesparavending.com\/index.php\/wp-json\/wp\/v2\/product_brand?post=184"},{"taxonomy":"product_cat","embeddable":true,"href":"http:\/\/www.consumiblesparavending.com\/index.php\/wp-json\/wp\/v2\/product_cat?post=184"},{"taxonomy":"product_tag","embeddable":true,"href":"http:\/\/www.consumiblesparavending.com\/index.php\/wp-json\/wp\/v2\/product_tag?post=184"}],"curies":[{"name":"wp","href":"https:\/\/api.w.org\/{rel}","templated":true}]}}