{"id":149,"date":"2015-03-09T09:58:21","date_gmt":"2015-03-09T09:58:21","guid":{"rendered":"http:\/\/www.consumiblesparavending.com\/?post_type=product&#038;p=149"},"modified":"2026-03-30T19:06:55","modified_gmt":"2026-03-30T19:06:55","slug":"difresh-tauro-spray-retardante-masculino","status":"publish","type":"product","link":"http:\/\/www.consumiblesparavending.com\/index.php\/producto\/difresh-tauro-spray-retardante-masculino\/","title":{"rendered":"Difresh Tauro, spray retardante masculino"},"content":{"rendered":"<p>Difresh Tauro es un spray retardante de eyaculaci\u00f3n con una f\u00f3rmula totalmente natural. Actualmente el mejor retardante de eyaculaci\u00f3n en el mercado. Relaciones sexuales m\u00e1s largas y placenteras garantizadas.<\/p>\n","protected":false},"excerpt":{"rendered":"<p>Spray efecto fr\u00edo-calor que retrasa la eyaculaci\u00f3n masculina<\/p>\n","protected":false},"featured_media":150,"comment_status":"closed","ping_status":"closed","template":"","meta":[],"product_brand":[],"product_cat":[20,25],"product_tag":[],"class_list":{"0":"post-149","1":"product","2":"type-product","3":"status-publish","4":"has-post-thumbnail","6":"product_cat-consumibles","7":"product_cat-eroticos","9":"first","10":"instock","11":"taxable","12":"shipping-taxable","13":"product-type-simple"},"_links":{"self":[{"href":"http:\/\/www.consumiblesparavending.com\/index.php\/wp-json\/wp\/v2\/product\/149","targetHints":{"allow":["GET"]}}],"collection":[{"href":"http:\/\/www.consumiblesparavending.com\/index.php\/wp-json\/wp\/v2\/product"}],"about":[{"href":"http:\/\/www.consumiblesparavending.com\/index.php\/wp-json\/wp\/v2\/types\/product"}],"replies":[{"embeddable":true,"href":"http:\/\/www.consumiblesparavending.com\/index.php\/wp-json\/wp\/v2\/comments?post=149"}],"wp:featuredmedia":[{"embeddable":true,"href":"http:\/\/www.consumiblesparavending.com\/index.php\/wp-json\/wp\/v2\/media\/150"}],"wp:attachment":[{"href":"http:\/\/www.consumiblesparavending.com\/index.php\/wp-json\/wp\/v2\/media?parent=149"}],"wp:term":[{"taxonomy":"product_brand","embeddable":true,"href":"http:\/\/www.consumiblesparavending.com\/index.php\/wp-json\/wp\/v2\/product_brand?post=149"},{"taxonomy":"product_cat","embeddable":true,"href":"http:\/\/www.consumiblesparavending.com\/index.php\/wp-json\/wp\/v2\/product_cat?post=149"},{"taxonomy":"product_tag","embeddable":true,"href":"http:\/\/www.consumiblesparavending.com\/index.php\/wp-json\/wp\/v2\/product_tag?post=149"}],"curies":[{"name":"wp","href":"https:\/\/api.w.org\/{rel}","templated":true}]}}