{"id":140,"date":"2015-03-03T20:26:49","date_gmt":"2015-03-03T20:26:49","guid":{"rendered":"http:\/\/www.consumiblesparavending.com\/?post_type=product&#038;p=140"},"modified":"2026-04-14T11:04:47","modified_gmt":"2026-04-14T11:04:47","slug":"pipi-facil-adaptador-urinario-femenino","status":"publish","type":"product","link":"http:\/\/www.consumiblesparavending.com\/index.php\/producto\/pipi-facil-adaptador-urinario-femenino\/","title":{"rendered":"Pipi-f\u00e1cil, adaptador urinario femenino"},"content":{"rendered":"<p>Pipi-f\u00e1cil \u00f3 Easypee es un adaptador urinario femenino que permite a la mujer orinar de pie, de una manera f\u00e1cil y c\u00f3moda. Evita el contagio de infecciones, por lo que es recomendable su utilizaci\u00f3n en servicios p\u00fablicos, centros comerciales, estaciones de autobuses, estaciones de tren, aeropuertos, etc.<\/p>\n<p>Presentado en cajitas est\u00e1ndar de cart\u00f3n de 60x60x17 mm. v\u00e1lidas para cualquier m\u00e1quina expendedora de vending o minivending.<\/p>\n","protected":false},"excerpt":{"rendered":"<p>Adaptador urinario femenino que permite a la mujer orinar de pie. Evita el contagio de infecciones.<\/p>\n","protected":false},"featured_media":2312,"comment_status":"closed","ping_status":"closed","template":"","meta":[],"product_brand":[],"product_cat":[20,26],"product_tag":[],"class_list":{"0":"post-140","1":"product","2":"type-product","3":"status-publish","4":"has-post-thumbnail","6":"inop-mostrar","7":"product_cat-consumibles","8":"product_cat-higiene","10":"first","11":"instock","12":"taxable","13":"shipping-taxable","14":"purchasable","15":"product-type-simple"},"_links":{"self":[{"href":"http:\/\/www.consumiblesparavending.com\/index.php\/wp-json\/wp\/v2\/product\/140","targetHints":{"allow":["GET"]}}],"collection":[{"href":"http:\/\/www.consumiblesparavending.com\/index.php\/wp-json\/wp\/v2\/product"}],"about":[{"href":"http:\/\/www.consumiblesparavending.com\/index.php\/wp-json\/wp\/v2\/types\/product"}],"replies":[{"embeddable":true,"href":"http:\/\/www.consumiblesparavending.com\/index.php\/wp-json\/wp\/v2\/comments?post=140"}],"wp:featuredmedia":[{"embeddable":true,"href":"http:\/\/www.consumiblesparavending.com\/index.php\/wp-json\/wp\/v2\/media\/2312"}],"wp:attachment":[{"href":"http:\/\/www.consumiblesparavending.com\/index.php\/wp-json\/wp\/v2\/media?parent=140"}],"wp:term":[{"taxonomy":"product_brand","embeddable":true,"href":"http:\/\/www.consumiblesparavending.com\/index.php\/wp-json\/wp\/v2\/product_brand?post=140"},{"taxonomy":"product_cat","embeddable":true,"href":"http:\/\/www.consumiblesparavending.com\/index.php\/wp-json\/wp\/v2\/product_cat?post=140"},{"taxonomy":"product_tag","embeddable":true,"href":"http:\/\/www.consumiblesparavending.com\/index.php\/wp-json\/wp\/v2\/product_tag?post=140"}],"curies":[{"name":"wp","href":"https:\/\/api.w.org\/{rel}","templated":true}]}}