{"id":1353,"date":"2019-12-05T11:49:10","date_gmt":"2019-12-05T11:49:10","guid":{"rendered":"http:\/\/www.consumiblesparavending.com\/index.php\/producto\/expendedora-electronica-codic-de-2-canales-seminueva\/"},"modified":"2026-03-31T11:54:01","modified_gmt":"2026-03-31T11:54:01","slug":"expendedora-electronica-codic-de-2-canales-seminueva","status":"publish","type":"product","link":"http:\/\/www.consumiblesparavending.com\/index.php\/producto\/expendedora-electronica-codic-de-2-canales-seminueva\/","title":{"rendered":"Expendedora electr\u00f3nica CODIC de 2 canales, seminueva"},"content":{"rendered":"<p>M\u00e1quina expendedora electr\u00f3nica vending de dos canales para productos en formato de 60&#215;60 mm.<\/p>\n<p>Carcasa de Acero esmaltado en epoxi de m\u00e1xima resistencia.<br \/>\nMecanismo de venta \/ Monedero electr\u00f3nico, precios de venta a su elecci\u00f3n para cada canal configurables independientemente.<br \/>\nAcepta monedas a partir de 0,10 euro, no devuelve cambio.<br \/>\nCerradura superior de seguridad.<br \/>\nVelocidad dispensador: Menos de 3 segundos.<br \/>\nBater\u00edas: 8xLR14 (12v).<\/p>\n<p>Dimensiones: 650 x 360 x 150 mm<br \/>\nPeso: 20kg.<\/p>\n","protected":false},"excerpt":{"rendered":"<p>M\u00e1quina electr\u00f3nica CODIC de 2 canales para productos vending tama\u00f1o 60&#215;60 mm. (2da mano)<\/p>\n","protected":false},"featured_media":1354,"comment_status":"closed","ping_status":"closed","template":"","meta":[],"product_brand":[],"product_cat":[30,34,21,39],"product_tag":[],"class_list":{"0":"post-1353","1":"product","2":"type-product","3":"status-publish","4":"has-post-thumbnail","6":"product_cat-2-canales","7":"product_cat-electronicas","8":"product_cat-maquinas-expendedoras","9":"product_cat-seminuevas","11":"first","12":"instock","13":"taxable","14":"shipping-taxable","15":"product-type-simple"},"_links":{"self":[{"href":"http:\/\/www.consumiblesparavending.com\/index.php\/wp-json\/wp\/v2\/product\/1353","targetHints":{"allow":["GET"]}}],"collection":[{"href":"http:\/\/www.consumiblesparavending.com\/index.php\/wp-json\/wp\/v2\/product"}],"about":[{"href":"http:\/\/www.consumiblesparavending.com\/index.php\/wp-json\/wp\/v2\/types\/product"}],"replies":[{"embeddable":true,"href":"http:\/\/www.consumiblesparavending.com\/index.php\/wp-json\/wp\/v2\/comments?post=1353"}],"wp:featuredmedia":[{"embeddable":true,"href":"http:\/\/www.consumiblesparavending.com\/index.php\/wp-json\/wp\/v2\/media\/1354"}],"wp:attachment":[{"href":"http:\/\/www.consumiblesparavending.com\/index.php\/wp-json\/wp\/v2\/media?parent=1353"}],"wp:term":[{"taxonomy":"product_brand","embeddable":true,"href":"http:\/\/www.consumiblesparavending.com\/index.php\/wp-json\/wp\/v2\/product_brand?post=1353"},{"taxonomy":"product_cat","embeddable":true,"href":"http:\/\/www.consumiblesparavending.com\/index.php\/wp-json\/wp\/v2\/product_cat?post=1353"},{"taxonomy":"product_tag","embeddable":true,"href":"http:\/\/www.consumiblesparavending.com\/index.php\/wp-json\/wp\/v2\/product_tag?post=1353"}],"curies":[{"name":"wp","href":"https:\/\/api.w.org\/{rel}","templated":true}]}}