{"id":1351,"date":"2019-12-05T11:26:34","date_gmt":"2019-12-05T11:26:34","guid":{"rendered":"http:\/\/www.consumiblesparavending.com\/index.php\/producto\/expendedora-electronica-codic-de-1-canal\/"},"modified":"2026-03-31T11:54:05","modified_gmt":"2026-03-31T11:54:05","slug":"expendedora-electronica-codic-de-1-canal","status":"publish","type":"product","link":"http:\/\/www.consumiblesparavending.com\/index.php\/producto\/expendedora-electronica-codic-de-1-canal\/","title":{"rendered":"Expendedora electr\u00f3nica CODIC de 1 canal"},"content":{"rendered":"<p>M\u00e1quina expendedora electr\u00f3nica vending de un canal para productos en formato de 60&#215;60 mm.<\/p>\n<p>Carcasa de Acero esmaltado en epoxi de m\u00e1xima resistencia.<br \/>\nMecanismo de venta \/ Monedero electr\u00f3nico, precio de venta a su elecci\u00f3n.<br \/>\nAcepta monedas de 1 euro, no devuelve cambio.<br \/>\nCerradura superior de seguridad.<br \/>\nVelocidad dispensador: Menos de 3 segundos.<br \/>\nBater\u00edas: 8xLR14 (12v).<\/p>\n<p>Dimensiones: 470 x 240 x 120 mm<br \/>\nPeso: 9,5kg.<\/p>\n","protected":false},"excerpt":{"rendered":"<p>M\u00e1quina electr\u00f3nica CODIC de 1 canal para productos vending tama\u00f1o 60&#215;60 mm.<\/p>\n","protected":false},"featured_media":1352,"comment_status":"closed","ping_status":"closed","template":"","meta":[],"product_brand":[],"product_cat":[29,34,21],"product_tag":[],"class_list":{"0":"post-1351","1":"product","2":"type-product","3":"status-publish","4":"has-post-thumbnail","6":"product_cat-1-canal","7":"product_cat-electronicas","8":"product_cat-maquinas-expendedoras","10":"first","11":"instock","12":"taxable","13":"shipping-taxable","14":"product-type-simple"},"_links":{"self":[{"href":"http:\/\/www.consumiblesparavending.com\/index.php\/wp-json\/wp\/v2\/product\/1351","targetHints":{"allow":["GET"]}}],"collection":[{"href":"http:\/\/www.consumiblesparavending.com\/index.php\/wp-json\/wp\/v2\/product"}],"about":[{"href":"http:\/\/www.consumiblesparavending.com\/index.php\/wp-json\/wp\/v2\/types\/product"}],"replies":[{"embeddable":true,"href":"http:\/\/www.consumiblesparavending.com\/index.php\/wp-json\/wp\/v2\/comments?post=1351"}],"wp:featuredmedia":[{"embeddable":true,"href":"http:\/\/www.consumiblesparavending.com\/index.php\/wp-json\/wp\/v2\/media\/1352"}],"wp:attachment":[{"href":"http:\/\/www.consumiblesparavending.com\/index.php\/wp-json\/wp\/v2\/media?parent=1351"}],"wp:term":[{"taxonomy":"product_brand","embeddable":true,"href":"http:\/\/www.consumiblesparavending.com\/index.php\/wp-json\/wp\/v2\/product_brand?post=1351"},{"taxonomy":"product_cat","embeddable":true,"href":"http:\/\/www.consumiblesparavending.com\/index.php\/wp-json\/wp\/v2\/product_cat?post=1351"},{"taxonomy":"product_tag","embeddable":true,"href":"http:\/\/www.consumiblesparavending.com\/index.php\/wp-json\/wp\/v2\/product_tag?post=1351"}],"curies":[{"name":"wp","href":"https:\/\/api.w.org\/{rel}","templated":true}]}}