{"id":1293,"date":"2019-09-16T11:00:47","date_gmt":"2019-09-16T11:00:47","guid":{"rendered":"http:\/\/www.consumiblesparavending.com\/?post_type=product&#038;p=1293"},"modified":"2026-03-30T19:12:55","modified_gmt":"2026-03-30T19:12:55","slug":"anillo-de-placer-premium","status":"publish","type":"product","link":"http:\/\/www.consumiblesparavending.com\/index.php\/producto\/anillo-de-placer-premium\/","title":{"rendered":"Anillo de placer premium"},"content":{"rendered":"<p>Anillo de silicona, higi\u00e9nico y est\u00e9ril. Es muy el\u00e1stico, suave y agradable para la piel.<\/p>\n<p>Esta versi\u00f3n premium est\u00e1 provista de relieves que permiten una nueva sensaci\u00f3n excitante muy agradable tanto en el hombre como en la mujer.<\/p>\n<p>El anillo de placer premium asegura una mayor firmeza durante m\u00e1s tiempo. Gracias a su funci\u00f3n estranguladora sobre el pene aumenta la dureza de las erecciones y retrasa la eyaculaci\u00f3n.<\/p>\n<p>Reutilizable hasta en 6 ocasiones.<\/p>\n","protected":false},"excerpt":{"rendered":"<p>Anillo de estrangulador de silicona, versi\u00f3n premium provista de relieves.<\/p>\n<p>Reutilizable hasta en 6 ocasiones.<\/p>\n","protected":false},"featured_media":1294,"comment_status":"closed","ping_status":"closed","template":"","meta":[],"product_brand":[],"product_cat":[20,25],"product_tag":[],"class_list":{"0":"post-1293","1":"product","2":"type-product","3":"status-publish","4":"has-post-thumbnail","6":"inop-mostrar","7":"product_cat-consumibles","8":"product_cat-eroticos","10":"first","11":"instock","12":"taxable","13":"shipping-taxable","14":"purchasable","15":"product-type-simple"},"_links":{"self":[{"href":"http:\/\/www.consumiblesparavending.com\/index.php\/wp-json\/wp\/v2\/product\/1293","targetHints":{"allow":["GET"]}}],"collection":[{"href":"http:\/\/www.consumiblesparavending.com\/index.php\/wp-json\/wp\/v2\/product"}],"about":[{"href":"http:\/\/www.consumiblesparavending.com\/index.php\/wp-json\/wp\/v2\/types\/product"}],"replies":[{"embeddable":true,"href":"http:\/\/www.consumiblesparavending.com\/index.php\/wp-json\/wp\/v2\/comments?post=1293"}],"wp:featuredmedia":[{"embeddable":true,"href":"http:\/\/www.consumiblesparavending.com\/index.php\/wp-json\/wp\/v2\/media\/1294"}],"wp:attachment":[{"href":"http:\/\/www.consumiblesparavending.com\/index.php\/wp-json\/wp\/v2\/media?parent=1293"}],"wp:term":[{"taxonomy":"product_brand","embeddable":true,"href":"http:\/\/www.consumiblesparavending.com\/index.php\/wp-json\/wp\/v2\/product_brand?post=1293"},{"taxonomy":"product_cat","embeddable":true,"href":"http:\/\/www.consumiblesparavending.com\/index.php\/wp-json\/wp\/v2\/product_cat?post=1293"},{"taxonomy":"product_tag","embeddable":true,"href":"http:\/\/www.consumiblesparavending.com\/index.php\/wp-json\/wp\/v2\/product_tag?post=1293"}],"curies":[{"name":"wp","href":"https:\/\/api.w.org\/{rel}","templated":true}]}}