{"id":1291,"date":"2019-08-21T10:41:22","date_gmt":"2019-08-21T10:41:22","guid":{"rendered":"http:\/\/www.consumiblesparavending.com\/?post_type=product&#038;p=1291"},"modified":"2026-03-30T19:12:46","modified_gmt":"2026-03-30T19:12:46","slug":"anillo-de-placer","status":"publish","type":"product","link":"http:\/\/www.consumiblesparavending.com\/index.php\/producto\/anillo-de-placer\/","title":{"rendered":"Anillo de placer"},"content":{"rendered":"<p>Anillo de silicona, higi\u00e9nico y est\u00e9ril. Es muy el\u00e1stico, suave y agradable para la piel.<\/p>\n<p>El anillo de placer asegura una mayor firmeza durante m\u00e1s tiempo. Gracias a su funci\u00f3n estranguladora sobre el pene aumenta la dureza de las erecciones y retrasa la eyaculaci\u00f3n.<\/p>\n<p>Reutilizable hasta en 6 ocasiones.<\/p>\n","protected":false},"excerpt":{"rendered":"<p>Anillo estragulador de silicona, higi\u00e9nico y est\u00e9ril.<\/p>\n<p>Reutilizable hasta en 6 ocasiones.<\/p>\n","protected":false},"featured_media":1292,"comment_status":"closed","ping_status":"closed","template":"","meta":[],"product_brand":[],"product_cat":[20,25],"product_tag":[],"class_list":{"0":"post-1291","1":"product","2":"type-product","3":"status-publish","4":"has-post-thumbnail","6":"inop-mostrar","7":"product_cat-consumibles","8":"product_cat-eroticos","10":"first","11":"instock","12":"taxable","13":"shipping-taxable","14":"purchasable","15":"product-type-simple"},"_links":{"self":[{"href":"http:\/\/www.consumiblesparavending.com\/index.php\/wp-json\/wp\/v2\/product\/1291","targetHints":{"allow":["GET"]}}],"collection":[{"href":"http:\/\/www.consumiblesparavending.com\/index.php\/wp-json\/wp\/v2\/product"}],"about":[{"href":"http:\/\/www.consumiblesparavending.com\/index.php\/wp-json\/wp\/v2\/types\/product"}],"replies":[{"embeddable":true,"href":"http:\/\/www.consumiblesparavending.com\/index.php\/wp-json\/wp\/v2\/comments?post=1291"}],"wp:featuredmedia":[{"embeddable":true,"href":"http:\/\/www.consumiblesparavending.com\/index.php\/wp-json\/wp\/v2\/media\/1292"}],"wp:attachment":[{"href":"http:\/\/www.consumiblesparavending.com\/index.php\/wp-json\/wp\/v2\/media?parent=1291"}],"wp:term":[{"taxonomy":"product_brand","embeddable":true,"href":"http:\/\/www.consumiblesparavending.com\/index.php\/wp-json\/wp\/v2\/product_brand?post=1291"},{"taxonomy":"product_cat","embeddable":true,"href":"http:\/\/www.consumiblesparavending.com\/index.php\/wp-json\/wp\/v2\/product_cat?post=1291"},{"taxonomy":"product_tag","embeddable":true,"href":"http:\/\/www.consumiblesparavending.com\/index.php\/wp-json\/wp\/v2\/product_tag?post=1291"}],"curies":[{"name":"wp","href":"https:\/\/api.w.org\/{rel}","templated":true}]}}