{"id":1117,"date":"2018-10-03T10:16:30","date_gmt":"2018-10-03T10:16:30","guid":{"rendered":"http:\/\/www.consumiblesparavending.com\/index.php\/producto\/control-nature-en-cajita-de-3-preservativos\/"},"modified":"2026-04-14T11:04:54","modified_gmt":"2026-04-14T11:04:54","slug":"control-nature-en-cajita-de-3-preservativos","status":"publish","type":"product","link":"http:\/\/www.consumiblesparavending.com\/index.php\/producto\/control-nature-en-cajita-de-3-preservativos\/","title":{"rendered":"Control Nature, cajita de 3 preservativos"},"content":{"rendered":"<p>Preservativo natural fabricado con l\u00e1tex de alta calidad. Liso, transparente, con dep\u00f3sito y lubricado.<\/p>\n<p>Cuenta con la exclusiva forma ADAPTA, que es m\u00e1s ergon\u00f3mica y est\u00e1 pensada especialmente para aportar la mayor comodidad, conseguiendo as\u00ed que las relaciones sexuales sean m\u00e1s naturales.<\/p>\n<p>Los preservativos Control son verificados y testados individualmente mediante rigurosos controles y cumplen con las normativas m\u00e1s exigentes de calidad internacionales.<\/p>\n<p>Se presentan en cajas expositoras de 48 estuches de 60&#215;60 mm. Cada estuche contiene 3 unidades (condones).<\/p>\n","protected":false},"excerpt":{"rendered":"<p>Preservativo natural en cajita de 3 unidades.<\/p>\n<p>Presentados en cajas expositoras de 48 cajitas de 60&#215;60 mm.<\/p>\n","protected":false},"featured_media":2304,"comment_status":"closed","ping_status":"closed","template":"","meta":[],"product_brand":[],"product_cat":[20,37,24],"product_tag":[],"class_list":{"0":"post-1117","1":"product","2":"type-product","3":"status-publish","4":"has-post-thumbnail","6":"inop-mostrar","7":"product_cat-consumibles","8":"product_cat-linea-de-farmacia","9":"product_cat-preservativos","11":"first","12":"instock","13":"taxable","14":"shipping-taxable","15":"purchasable","16":"product-type-simple"},"_links":{"self":[{"href":"http:\/\/www.consumiblesparavending.com\/index.php\/wp-json\/wp\/v2\/product\/1117","targetHints":{"allow":["GET"]}}],"collection":[{"href":"http:\/\/www.consumiblesparavending.com\/index.php\/wp-json\/wp\/v2\/product"}],"about":[{"href":"http:\/\/www.consumiblesparavending.com\/index.php\/wp-json\/wp\/v2\/types\/product"}],"replies":[{"embeddable":true,"href":"http:\/\/www.consumiblesparavending.com\/index.php\/wp-json\/wp\/v2\/comments?post=1117"}],"wp:featuredmedia":[{"embeddable":true,"href":"http:\/\/www.consumiblesparavending.com\/index.php\/wp-json\/wp\/v2\/media\/2304"}],"wp:attachment":[{"href":"http:\/\/www.consumiblesparavending.com\/index.php\/wp-json\/wp\/v2\/media?parent=1117"}],"wp:term":[{"taxonomy":"product_brand","embeddable":true,"href":"http:\/\/www.consumiblesparavending.com\/index.php\/wp-json\/wp\/v2\/product_brand?post=1117"},{"taxonomy":"product_cat","embeddable":true,"href":"http:\/\/www.consumiblesparavending.com\/index.php\/wp-json\/wp\/v2\/product_cat?post=1117"},{"taxonomy":"product_tag","embeddable":true,"href":"http:\/\/www.consumiblesparavending.com\/index.php\/wp-json\/wp\/v2\/product_tag?post=1117"}],"curies":[{"name":"wp","href":"https:\/\/api.w.org\/{rel}","templated":true}]}}