{"id":123,"date":"2015-02-08T18:14:59","date_gmt":"2015-02-08T18:14:59","guid":{"rendered":"http:\/\/www.consumiblesparavending.com\/?page_id=123"},"modified":"2016-02-02T15:33:24","modified_gmt":"2016-02-02T15:33:24","slug":"personalizacion","status":"publish","type":"page","link":"http:\/\/www.consumiblesparavending.com\/index.php\/personalizacion\/","title":{"rendered":"Personalizaci\u00f3n"},"content":{"rendered":"<p>CAJI EXPORT INTERNACIONAL SLU le ofrece la posibilidad de personalizar los envases de los preservativos con su propio logotipo y mensaje. Esto permite, de una manera directa, efectiva y original, llegar a la m\u00e1s amplia diversidad de personas con el mensaje a enviar. Especialmente orientado a:<\/p>\n<p>Campa\u00f1as de concienciaci\u00f3n del uso del preservativo y salud, campa\u00f1as publicitarias, promociones, regalos, fiestas, etc.<\/p>\n<p>En nuestro Curriculum se cuentan campa\u00f1as realizadas para Organismos Oficiales, como la Comunidad de Madrid con su campa\u00f1a \u00abSi te lias&#8230; \u00fasalo\u00bb, el Gobierno de Canarias con su campa\u00f1a a favor del uso del preservativo y la lucha contra el SIDA, as\u00ed como promociones para entidades privadas, locales de ocio, tiendas, promoci\u00f3n de webs, etc.<\/p>\n<p>La mayor ventaja que ofrecemos, adem\u00e1s de unos precios verdaderamente bajos, es la diversidad en los modos de personalizaci\u00f3n, lo cual permite la adaptaci\u00f3n de la campa\u00f1a al presupuesto sugerido.<\/p>\n<p>Tambi\u00e9n personalizamos kits de preservativo + lubricante para campa\u00f1as de colectivos gay.<\/p>\n","protected":false},"excerpt":{"rendered":"<p>CAJI EXPORT INTERNACIONAL SLU le ofrece la posibilidad de personalizar los envases de los preservativos con su propio logotipo y mensaje. Esto permite, de una manera directa, efectiva y original, llegar a la m\u00e1s amplia diversidad de personas con el mensaje a enviar. Especialmente orientado a: Campa\u00f1as de concienciaci\u00f3n del&#8230;<\/p>\n","protected":false},"author":1,"featured_media":0,"parent":0,"menu_order":0,"comment_status":"closed","ping_status":"closed","template":"templates\/full.php","meta":{"footnotes":""},"class_list":["post-123","page","type-page","status-publish","hentry"],"_links":{"self":[{"href":"http:\/\/www.consumiblesparavending.com\/index.php\/wp-json\/wp\/v2\/pages\/123","targetHints":{"allow":["GET"]}}],"collection":[{"href":"http:\/\/www.consumiblesparavending.com\/index.php\/wp-json\/wp\/v2\/pages"}],"about":[{"href":"http:\/\/www.consumiblesparavending.com\/index.php\/wp-json\/wp\/v2\/types\/page"}],"author":[{"embeddable":true,"href":"http:\/\/www.consumiblesparavending.com\/index.php\/wp-json\/wp\/v2\/users\/1"}],"replies":[{"embeddable":true,"href":"http:\/\/www.consumiblesparavending.com\/index.php\/wp-json\/wp\/v2\/comments?post=123"}],"version-history":[{"count":0,"href":"http:\/\/www.consumiblesparavending.com\/index.php\/wp-json\/wp\/v2\/pages\/123\/revisions"}],"wp:attachment":[{"href":"http:\/\/www.consumiblesparavending.com\/index.php\/wp-json\/wp\/v2\/media?parent=123"}],"curies":[{"name":"wp","href":"https:\/\/api.w.org\/{rel}","templated":true}]}}