{"id":122,"date":"2015-02-08T18:14:35","date_gmt":"2015-02-08T18:14:35","guid":{"rendered":"http:\/\/www.consumiblesparavending.com\/?page_id=122"},"modified":"2015-02-15T17:22:47","modified_gmt":"2015-02-15T17:22:47","slug":"certificacion","status":"publish","type":"page","link":"http:\/\/www.consumiblesparavending.com\/index.php\/certificacion\/","title":{"rendered":"Certificaci\u00f3n"},"content":{"rendered":"<p>Nuestros preservativos son de calidad garantizada no s\u00f3lo por el cumplimiento de todas las garant\u00edas de calidad mundial (ISO 9001:2000, EN 600), sino que nuestra tecnolog\u00eda alemana de fabricaci\u00f3n Richter Technology, de alto renombre internacional, nos da plenas garant\u00edas de que nuestros preservativos han sido 100% testados, con la tecnolog\u00eda de \u00abdefecto cero\u00bb.<\/p>\n<p>ISO 9001: 2000<br \/>\nEN 600:1996 (EN 46002:1996 &#038; ISO 13488:1996)<br \/>\nUSFDA<br \/>\nCE 0120 Registro Europeo<br \/>\nNF-France<br \/>\nSABS<\/p>\n<p>El resto de nuestros productos cumplen con la normativa correspondiente y vigente en cada uno de sus \u00e1mbitos de consumo. <\/p>\n","protected":false},"excerpt":{"rendered":"<p>Nuestros preservativos son de calidad garantizada no s\u00f3lo por el cumplimiento de todas las garant\u00edas de calidad mundial (ISO 9001:2000, EN 600), sino que nuestra tecnolog\u00eda alemana de fabricaci\u00f3n Richter Technology, de alto renombre internacional, nos da plenas garant\u00edas de que nuestros preservativos han sido 100% testados, con la tecnolog\u00eda&#8230;<\/p>\n","protected":false},"author":1,"featured_media":0,"parent":0,"menu_order":0,"comment_status":"closed","ping_status":"closed","template":"templates\/full.php","meta":{"footnotes":""},"class_list":["post-122","page","type-page","status-publish","hentry"],"_links":{"self":[{"href":"http:\/\/www.consumiblesparavending.com\/index.php\/wp-json\/wp\/v2\/pages\/122","targetHints":{"allow":["GET"]}}],"collection":[{"href":"http:\/\/www.consumiblesparavending.com\/index.php\/wp-json\/wp\/v2\/pages"}],"about":[{"href":"http:\/\/www.consumiblesparavending.com\/index.php\/wp-json\/wp\/v2\/types\/page"}],"author":[{"embeddable":true,"href":"http:\/\/www.consumiblesparavending.com\/index.php\/wp-json\/wp\/v2\/users\/1"}],"replies":[{"embeddable":true,"href":"http:\/\/www.consumiblesparavending.com\/index.php\/wp-json\/wp\/v2\/comments?post=122"}],"version-history":[{"count":0,"href":"http:\/\/www.consumiblesparavending.com\/index.php\/wp-json\/wp\/v2\/pages\/122\/revisions"}],"wp:attachment":[{"href":"http:\/\/www.consumiblesparavending.com\/index.php\/wp-json\/wp\/v2\/media?parent=122"}],"curies":[{"name":"wp","href":"https:\/\/api.w.org\/{rel}","templated":true}]}}