{"id":121,"date":"2015-02-08T18:14:22","date_gmt":"2015-02-08T18:14:22","guid":{"rendered":"http:\/\/www.consumiblesparavending.com\/?page_id=121"},"modified":"2015-02-15T17:32:08","modified_gmt":"2015-02-15T17:32:08","slug":"fabricacion","status":"publish","type":"page","link":"http:\/\/www.consumiblesparavending.com\/index.php\/fabricacion\/","title":{"rendered":"Fabricaci\u00f3n"},"content":{"rendered":"<p>Bajo una fuerte inversi\u00f3n en Investigaci\u00f3n y Desarrollo, nuestros preservativos son fabricados con las mayores garant\u00edas de calidad.<\/p>\n<p>El proceso comienza cuando los compradores de l\u00e1tex eligen los \u00e1rboles a trav\u00e9s de los cuales el l\u00e1tex debe ser extra\u00eddo. De aqu\u00ed se extrae el l\u00edquido, a raz\u00f3n aproximadamente de dos tazas de huevo por d\u00eda y, despu\u00e9s de comprobarse estrictamente la calidad, el l\u00e1tex es enviado a la f\u00e1brica.<\/p>\n<p>Asistidos con el uso de la \u00faltima y m\u00e1s avanzada tecnolog\u00eda alemana de vanguardia, se emplean unos moldes resistentes al calor para incrustarse dentro del l\u00e1tex, desde donde se cubre el material. Despu\u00e9s de llevar a cabo un proceso de cocci\u00f3n, se introducen de nuevo los moldes para conseguir una capa m\u00e1s profunda y, de este modo, son limpiados para crear un material m\u00e1s grueso a la abertura de cada preservativo.<\/p>\n<p>Posteriormente, los preservativos son quitados del molde y lavados cuidadosamente a trav\u00e9s de un ingrediente especial, para asegurar que queden limpios y suaves. Despu\u00e9s los condones se introducen en la secadora y se comprueba cada uno, de manera que se garantiza el 100 % de efectividad y el distintivo de \u00abdefecto cero de cada unidad\u00bb. El per\u00edodo de prueba conlleva 5 diferentes etapas:<\/p>\n<ul>\n<li>Control del volumen de explosi\u00f3n y de la presi\u00f3n.<\/li>\n<li>Prueba electr\u00f3nica de agujeros.<\/li>\n<li>Integridad de precinto.<\/li>\n<li>Calidad de lubrificado.<\/li>\n<li>Longitud, anchura y grosor.<\/li>\n<\/ul>\n","protected":false},"excerpt":{"rendered":"<p>Bajo una fuerte inversi\u00f3n en Investigaci\u00f3n y Desarrollo, nuestros preservativos son fabricados con las mayores garant\u00edas de calidad. El proceso comienza cuando los compradores de l\u00e1tex eligen los \u00e1rboles a trav\u00e9s de los cuales el l\u00e1tex debe ser extra\u00eddo. De aqu\u00ed se extrae el l\u00edquido, a raz\u00f3n aproximadamente de dos&#8230;<\/p>\n","protected":false},"author":1,"featured_media":0,"parent":0,"menu_order":0,"comment_status":"closed","ping_status":"closed","template":"templates\/full.php","meta":{"footnotes":""},"class_list":["post-121","page","type-page","status-publish","hentry"],"_links":{"self":[{"href":"http:\/\/www.consumiblesparavending.com\/index.php\/wp-json\/wp\/v2\/pages\/121","targetHints":{"allow":["GET"]}}],"collection":[{"href":"http:\/\/www.consumiblesparavending.com\/index.php\/wp-json\/wp\/v2\/pages"}],"about":[{"href":"http:\/\/www.consumiblesparavending.com\/index.php\/wp-json\/wp\/v2\/types\/page"}],"author":[{"embeddable":true,"href":"http:\/\/www.consumiblesparavending.com\/index.php\/wp-json\/wp\/v2\/users\/1"}],"replies":[{"embeddable":true,"href":"http:\/\/www.consumiblesparavending.com\/index.php\/wp-json\/wp\/v2\/comments?post=121"}],"version-history":[{"count":0,"href":"http:\/\/www.consumiblesparavending.com\/index.php\/wp-json\/wp\/v2\/pages\/121\/revisions"}],"wp:attachment":[{"href":"http:\/\/www.consumiblesparavending.com\/index.php\/wp-json\/wp\/v2\/media?parent=121"}],"curies":[{"name":"wp","href":"https:\/\/api.w.org\/{rel}","templated":true}]}}